{"id":5749,"date":"2025-04-30T08:28:34","date_gmt":"2025-04-30T08:28:34","guid":{"rendered":"https:\/\/www.beta.sua.no\/?page_id=5749"},"modified":"2025-10-17T12:51:47","modified_gmt":"2025-10-17T12:51:47","slug":"besok-sua","status":"publish","type":"page","link":"https:\/\/www.beta.sua.no\/ru\/besok-sua\/","title":{"rendered":"\u041f\u043e\u0441\u0435\u0442\u0438\u0442\u0435 SUA"},"content":{"rendered":"<p>[et_pb_section fb_built=&raquo;1&#8243; _builder_version=&raquo;4.27.4&#8243; _module_preset=&raquo;default&raquo; global_colors_info=&raquo;{}&raquo;][et_pb_row module_class=&raquo;artikkelside-column&raquo; _builder_version=&raquo;4.27.4&#8243; _module_preset=&raquo;default&raquo; global_colors_info=&raquo;{}&raquo;][et_pb_column type=&raquo;4_4&#8243; _builder_version=&raquo;4.27.4&#8243; _module_preset=&raquo;default&raquo; global_colors_info=&raquo;{}&raquo;][et_pb_code _builder_version=&raquo;4.27.4&#8243; _module_preset=&raquo;default&raquo; global_colors_info=&raquo;{}&raquo;]<\/p>\n<nav aria-label=\"br\u00f8dsmulesti\"><span><span><a href=\"https:\/\/www.beta.sua.no\/ru\/\">\u0413\u043b\u0430\u0432\u043d\u0430\u044f \u0441\u0442\u0440\u0430\u043d\u0438\u0446\u0430<\/a><\/span><\/span><\/nav>\n<p>[\/et_pb_code][et_pb_text _builder_version=&raquo;4.27.4&#8243; _module_preset=&raquo;default&raquo; global_colors_info=&raquo;{}&raquo;]<\/p>\n<h1><strong>\u041f\u043e\u0441\u0435\u0442\u0438\u0442\u0435 SUA<\/strong><\/h1>\n<p>[\/et_pb_text][et_pb_text module_class=&raquo;ingress&raquo; _builder_version=&raquo;4.27.4&#8243; _module_preset=&raquo;default&raquo; global_colors_info=&raquo;{}&raquo;]<\/p>\n<p><span data-contrast=\"none\" xml:lang=\"NB-NO\" lang=\"NB-NO\" class=\"TextRun SCXW128819575 BCX8\"><span class=\"NormalTextRun SCXW128819575 BCX8\" data-ccp-parastyle=\"Subtitle\">Du<\/span><span class=\"NormalTextRun SCXW128819575 BCX8\" data-ccp-parastyle=\"Subtitle\"> m\u00e5 m\u00f8te opp fysisk for \u00e5 f\u00e5 hjelp p\u00e5 SUA. Vi <\/span><span class=\"NormalTextRun SCXW128819575 BCX8\" data-ccp-parastyle=\"Subtitle\">tilbyr ikke veiledning p\u00e5 telefon eller e-post. Dette er en test<\/span><\/span><span class=\"EOP SCXW128819575 BCX8\" data-ccp-props=\"{}\">\u00a0<\/span><\/p>\n<p>[\/et_pb_text][\/et_pb_column][\/et_pb_row][et_pb_row module_class=&raquo;artikkelside-column&raquo; _builder_version=&raquo;4.27.4&#8243; _module_preset=&raquo;default&raquo; global_colors_info=&raquo;{}&raquo;][et_pb_column type=&raquo;4_4&#8243; _builder_version=&raquo;4.27.4&#8243; _module_preset=&raquo;default&raquo; global_colors_info=&raquo;{}&raquo;][et_pb_text module_class=&raquo;artikkelside-text&raquo; _builder_version=&raquo;4.27.4&#8243; _module_preset=&raquo;default&raquo; text_text_color=&raquo;#000000&#8243; global_colors_info=&raquo;{}&raquo;]<\/p>\n<h2>\u0412\u044b \u043c\u043e\u0436\u0435\u0442\u0435:<\/h2>\n<ul>\n<li>\u0417\u0430\u043f\u0438\u0441\u0430\u0442\u044c\u0441\u044f <a href=\"https:\/\/www.sua.no\/en\/book-appointment\/\">\u043d\u0430 \u043f\u0440\u0438\u0435\u043c \u0432 \u041d\u0430\u043b\u043e\u0433\u043e\u0432\u0443\u044e \u0441\u043b\u0443\u0436\u0431\u0443 \u0438\u043b\u0438 \u043f\u043e\u043b\u0438\u0446\u0438\u044e \u0432 \u0446\u0435\u043d\u0442\u0440\u0435 \u043e\u0431\u0441\u043b\u0443\u0436\u0438\u0432\u0430\u043d\u0438\u044f SUA<\/a>.<\/li>\n<li>\u041e\u0431\u0440\u0430\u0442\u0438\u0442\u044c\u0441\u044f \u0432 \u0438\u043d\u0444\u043e\u0440\u043c\u0430\u0446\u0438\u043e\u043d\u043d\u044b\u0439 \u043f\u0443\u043d\u043a\u0442 \u0431\u0435\u0437 \u043f\u0440\u0435\u0434\u0432\u0430\u0440\u0438\u0442\u0435\u043b\u044c\u043d\u043e\u0439 \u0437\u0430\u043f\u0438\u0441\u0438.<\/li>\n<li>\u041e\u0431\u0440\u0430\u0442\u0438\u0442\u044c\u0441\u044f \u0432 \u0418\u043d\u0441\u043f\u0435\u043a\u0446\u0438\u044e \u0442\u0440\u0443\u0434\u0430 \u0431\u0435\u0437 \u043f\u0440\u0435\u0434\u0432\u0430\u0440\u0438\u0442\u0435\u043b\u044c\u043d\u043e\u0439 \u0437\u0430\u043f\u0438\u0441\u0438.<\/li>\n<\/ul>\n<p>[\/et_pb_text][et_pb_text module_class=&raquo;artikkelside-text&raquo; _builder_version=&raquo;4.27.4&#8243; _module_preset=&raquo;default&raquo; text_text_color=&raquo;#000000&#8243; global_colors_info=&raquo;{}&raquo;]<\/p>\n<h2>\u0418\u043d\u0444\u043e\u0440\u043c\u0430\u0446\u0438\u043e\u043d\u043d\u044b\u0435 \u043f\u0443\u043d\u043a\u0442\u044b \u0432 \u0446\u0435\u043d\u0442\u0440\u0430\u0445 \u043e\u0431\u0441\u043b\u0443\u0436\u0438\u0432\u0430\u043d\u0438\u044f SUA<\/h2>\n<p>\u0427\u0442\u043e\u0431\u044b \u043e\u0431\u0440\u0430\u0442\u0438\u0442\u044c\u0441\u044f \u0432 \u0438\u043d\u0444\u043e\u0440\u043c\u0430\u0446\u0438\u043e\u043d\u043d\u044b\u0439 \u043f\u0443\u043d\u043a\u0442 \u0446\u0435\u043d\u0442\u0440\u0430 \u043e\u0431\u0441\u043b\u0443\u0436\u0438\u0432\u0430\u043d\u0438\u044f SUA, \u043d\u0435 \u0442\u0440\u0435\u0431\u0443\u0435\u0442\u0441\u044f \u043f\u0440\u0435\u0434\u0432\u0430\u0440\u0438\u0442\u0435\u043b\u044c\u043d\u043e\u0439 \u0437\u0430\u043f\u0438\u0441\u0438. \u0418\u043d\u0444\u043e\u0440\u043c\u0430\u0446\u0438\u043e\u043d\u043d\u044b\u0439 \u043f\u0443\u043d\u043a\u0442 \u043c\u043e\u0436\u0435\u0442 \u043f\u043e\u043c\u043e\u0447\u044c \u0432\u0430\u043c, \u0435\u0441\u043b\u0438 \u0443 \u0432\u0430\u0441 \u0435\u0441\u0442\u044c \u0432\u043e\u043f\u0440\u043e\u0441\u044b \u043e \u0442\u043e\u043c, \u043a\u0430\u043a:<\/p>\n<ul>\n<li>\u0437\u0430\u043f\u0438\u0441\u0430\u0442\u044c\u0441\u044f \u043d\u0430 \u043f\u0440\u0438\u0435\u043c \u0432 \u041d\u0430\u043b\u043e\u0433\u043e\u0432\u0443\u044e \u0441\u043b\u0443\u0436\u0431\u0443 \u0438\u043b\u0438 \u043f\u043e\u043b\u0438\u0446\u0438\u044e<\/li>\n<li>\u043f\u043e\u0434\u0430\u0442\u044c \u0437\u0430\u044f\u0432\u043b\u0435\u043d\u0438\u0435 \u043d\u0430 \u043f\u043e\u043b\u0443\u0447\u0435\u043d\u0438\u0435 \u043d\u0430\u043b\u043e\u0433\u043e\u0432\u043e\u0439 \u043a\u0430\u0440\u0442\u043e\u0447\u043a\u0438<\/li>\n<li>\u0437\u0430\u0440\u0435\u0433\u0438\u0441\u0442\u0440\u0438\u0440\u043e\u0432\u0430\u0442\u044c \u043c\u0435\u0441\u0442\u043e \u0436\u0438\u0442\u0435\u043b\u044c\u0441\u0442\u0432\u0430 \u0432 \u041d\u043e\u0440\u0432\u0435\u0433\u0438\u0438<\/li>\n<li>\u043f\u043e\u0434\u0430\u0442\u044c \u0437\u0430\u044f\u0432\u043b\u0435\u043d\u0438\u0435 \u043d\u0430 \u0440\u0430\u0437\u0440\u0435\u0448\u0435\u043d\u0438\u0435 \u043d\u0430 \u043f\u0440\u043e\u0436\u0438\u0432\u0430\u043d\u0438\u0435 \u0432 \u041d\u043e\u0440\u0432\u0435\u0433\u0438\u0438<\/li>\n<li>\u043f\u043e\u043b\u0443\u0447\u0438\u0442\u044c \u0441\u0432\u0438\u0434\u0435\u0442\u0435\u043b\u044c\u0441\u0442\u0432\u043e \u043e \u0440\u0435\u0433\u0438\u0441\u0442\u0440\u0430\u0446\u0438\u0438<\/li>\n<li>\u043f\u043e\u043b\u0443\u0447\u0438\u0442\u044c \u044d\u043b\u0435\u043a\u0442\u0440\u043e\u043d\u043d\u044b\u0439 \u0438\u0434\u0435\u043d\u0442\u0438\u0444\u0438\u043a\u0430\u0442\u043e\u0440 (MinID \u0438\u043b\u0438 BankID)<\/li>\n<\/ul>\n<p>[\/et_pb_text][et_pb_text module_class=&raquo;artikkelside-text&raquo; _builder_version=&raquo;4.27.4&#8243; _module_preset=&raquo;default&raquo; custom_padding=&raquo;||30px||false|false&raquo; global_colors_info=&raquo;{}&raquo;]<\/p>\n<h2>\u0427\u0430\u0441\u044b \u0440\u0430\u0431\u043e\u0442\u044b \u0438\u043d\u0444\u043e\u0440\u043c\u0430\u0446\u0438\u043e\u043d\u043d\u044b\u0445 \u043f\u0443\u043d\u043a\u0442\u043e\u0432<\/h2>\n<p><strong>\u041e\u0441\u043b\u043e, Schweigaards gate 17<\/strong><br \/>\u041f\u043e\u043d\u0435\u0434\u0435\u043b\u044c\u043d\u0438\u043a \u0438 \u043f\u044f\u0442\u043d\u0438\u0446\u0430: 12:00\u201315:00<br \/>\u0412\u0442\u043e\u0440\u043d\u0438\u043a, \u0441\u0440\u0435\u0434\u0430 \u0438 \u0447\u0435\u0442\u0432\u0435\u0440\u0433: 09:00\u201312:00<br \/><a href=\"https:\/\/www.google.com\/maps\/place\/Service+Centre+for+Foreign+Workers+(SUA)+-+Oslo\/@59.910577,10.7613327,15z\/data=!4m5!3m4!1s0x0:0xdfc39aa3d5bedbc3!8m2!3d59.910577!4d10.7613327?sa=X&amp;ved=2ahUKEwjk--a72PPuAhWxtIsKHVd5CYUQ_BIwC3oECBgQBQ&amp;shorturl=1\" target=\"_blank\" rel=\"noopener\">\u041e\u0442\u043a\u0440\u044b\u0442\u044c \u043a\u0430\u0440\u0442\u0443 \u0432 Google Maps<\/a><\/p>\n<p><strong>\u0421\u0442\u0430\u0432\u0430\u043d\u0433\u0435\u0440, Lag\u00e5rdsveien 46<\/strong><br \/>\u0412\u0442\u043e\u0440\u043d\u0438\u043a \u0438 \u0447\u0435\u0442\u0432\u0435\u0440\u0433: 09:00\u201311:00 \u0438 12:00\u201314:30<br \/><a href=\"https:\/\/www.google.com\/maps\/place\/Service+Centre+for+Foreign+Workers\/@58.960699,5.7386312,15z\/data=!4m5!3m4!1s0x0:0xb7472c9ee4221eaf!8m2!3d58.960699!4d5.7386312?shorturl=1\" target=\"_blank\" rel=\"noopener\">\u041e\u0442\u043a\u0440\u044b\u0442\u044c \u043a\u0430\u0440\u0442\u0443 \u0432 Google Maps<\/a><\/p>\n<p>[\/et_pb_text][et_pb_text module_class=&raquo;artikkelside-text&raquo; _builder_version=&raquo;4.27.4&#8243; _module_preset=&raquo;default&raquo; custom_padding=&raquo;||30px||false|false&raquo; global_colors_info=&raquo;{}&raquo;]<\/p>\n<h2>\u0418\u043d\u0441\u043f\u0435\u043a\u0446\u0438\u044f \u0442\u0440\u0443\u0434\u0430 \u0432 \u0446\u0435\u043d\u0442\u0440\u0430\u0445 \u043e\u0431\u0441\u043b\u0443\u0436\u0438\u0432\u0430\u043d\u0438\u044f SUA<\/h2>\n<p>\n\u0427\u0442\u043e\u0431\u044b \u043e\u0431\u0440\u0430\u0442\u0438\u0442\u044c\u0441\u044f \u0432 \u0418\u043d\u0441\u043f\u0435\u043a\u0446\u0438\u044e \u0442\u0440\u0443\u0434\u0430 \u0432 \u0446\u0435\u043d\u0442\u0440\u0435 \u043e\u0431\u0441\u043b\u0443\u0436\u0438\u0432\u0430\u043d\u0438\u044f SUA, \u043d\u0435 \u0442\u0440\u0435\u0431\u0443\u0435\u0442\u0441\u044f \u043f\u0440\u0435\u0434\u0432\u0430\u0440\u0438\u0442\u0435\u043b\u044c\u043d\u043e\u0439 \u0437\u0430\u043f\u0438\u0441\u0438. \u0418\u043d\u0441\u043f\u0435\u043a\u0446\u0438\u044f \u0442\u0440\u0443\u0434\u0430 \u043c\u043e\u0436\u0435\u0442 \u043e\u0442\u0432\u0435\u0442\u0438\u0442\u044c \u043d\u0430 \u0432\u0430\u0448\u0438 \u0432\u043e\u043f\u0440\u043e\u0441\u044b \u043e \u0442\u0440\u0443\u0434\u043e\u0432\u043e\u043c \u0434\u043e\u0433\u043e\u0432\u043e\u0440\u0435, \u0437\u0430\u0440\u0430\u0431\u043e\u0442\u043d\u043e\u0439 \u043f\u043b\u0430\u0442\u0435, \u043e\u043f\u043b\u0430\u0442\u0435 \u0441\u0432\u0435\u0440\u0445\u0443\u0440\u043e\u0447\u043d\u043e\u0439 \u0440\u0430\u0431\u043e\u0442\u044b \u0438 \u043e\u0442\u043f\u0443\u0441\u043a\u0435.<\/p>\n<h3>\u0427\u0430\u0441\u044b \u0440\u0430\u0431\u043e\u0442\u044b \u0418\u043d\u0441\u043f\u0435\u043a\u0446\u0438\u0438 \u0442\u0440\u0443\u0434\u0430<\/h3>\n<p><b>\u041e\u0441\u043b\u043e:<\/b><br \/>\n\u043f\u043e\u043d\u0435\u0434\u0435\u043b\u044c\u043d\u0438\u043a \u2013 \u0447\u0435\u0442\u0432\u0435\u0440\u0433: 09:00\u201315:00<\/p>\n<p><b>\u0421\u0442\u0430\u0432\u0430\u043d\u0433\u0435\u0440:<\/b><br \/>\n\u043f\u043e\u043d\u0435\u0434\u0435\u043b\u044c\u043d\u0438\u043a: 12:00\u201315:00<br \/>\n\u0432\u0442\u043e\u0440\u043d\u0438\u043a \u2013 \u0447\u0435\u0442\u0432\u0435\u0440\u0433: 09:00\u201315:00<\/p>\n<p><b>\u0411\u0435\u0440\u0433\u0435\u043d:<\/b><br \/>\n\u043f\u043e\u043d\u0435\u0434\u0435\u043b\u044c\u043d\u0438\u043a \u2013 \u043f\u044f\u0442\u043d\u0438\u0446\u0430: 09:00\u201315:00<\/p>\n<p><b>\u0422\u0440\u043e\u043d\u0445\u0435\u0439\u043c:<\/b><br \/>\n\u043f\u043e\u043d\u0435\u0434\u0435\u043b\u044c\u043d\u0438\u043a \u2013 \u043f\u044f\u0442\u043d\u0438\u0446\u0430: 09:00\u201315:00<\/p>\n<p><em>\u041e\u0431\u0440\u0430\u0442\u0438\u0442\u0435 \u0432\u043d\u0438\u043c\u0430\u043d\u0438\u0435: \u041a\u043e\u043d\u0442\u0430\u043a\u0442\u043d\u044b\u0435 \u043f\u0443\u043d\u043a\u0442\u044b \u041d\u043e\u0440\u0432\u0435\u0436\u0441\u043a\u043e\u0439 \u0438\u043d\u0441\u043f\u0435\u043a\u0446\u0438\u0438 \u0442\u0440\u0443\u0434\u0430 \u0432 \u041e\u0441\u043b\u043e \u0438 \u0421\u0442\u0430\u0432\u0430\u043d\u0433\u0435\u0440\u0435 \u0431\u0443\u0434\u0443\u0442 \u0437\u0430\u043a\u0440\u044b\u0442\u044b 26 \u0438 27 \u043c\u0430\u044f.\u00a0<\/em>\n<\/p>\n<p>[\/et_pb_text][et_pb_text module_class=&raquo;artikkelside-text&raquo; _builder_version=&raquo;4.27.4&#8243; _module_preset=&raquo;default&raquo; global_colors_info=&raquo;{}&raquo;]<\/p>\n<h2>\u041d\u0443\u0436\u043d\u0430 \u043b\u0438 \u0432\u0430\u043c \u043a\u043e\u043d\u0441\u0443\u043b\u044c\u0442\u0430\u0446\u0438\u044f \u043f\u043e \u0434\u0440\u0443\u0433\u0438\u043c \u0432\u043e\u043f\u0440\u043e\u0441\u0430\u043c?<\/h2>\n<p>\n\u0412 \u0446\u0435\u043d\u0442\u0440\u0430\u0445 \u043e\u0431\u0441\u043b\u0443\u0436\u0438\u0432\u0430\u043d\u0438\u044f \u0438\u043d\u043e\u0441\u0442\u0440\u0430\u043d\u043d\u044b\u0445 \u0440\u0430\u0431\u043e\u0442\u043d\u0438\u043a\u043e\u0432 (SUA) \u0441\u043e\u0442\u0440\u0443\u0434\u043d\u0438\u0447\u0430\u044e\u0442 \u041d\u0430\u043b\u043e\u0433\u043e\u0432\u0430\u044f \u0441\u043b\u0443\u0436\u0431\u0430, \u043f\u043e\u043b\u0438\u0446\u0438\u044f, \u0414\u0438\u0440\u0435\u043a\u0442\u043e\u0440\u0430\u0442 \u043f\u043e \u0434\u0435\u043b\u0430\u043c \u0438\u043d\u043e\u0441\u0442\u0440\u0430\u043d\u0446\u0435\u0432 \u0438 \u0418\u043d\u0441\u043f\u0435\u043a\u0446\u0438\u044f \u0442\u0440\u0443\u0434\u0430. \u0415\u0441\u043b\u0438 \u0432\u044b \u0445\u043e\u0442\u0438\u0442\u0435 \u0441\u0432\u044f\u0437\u0430\u0442\u044c\u0441\u044f \u0441 \u043e\u0434\u043d\u0438\u043c \u0438\u0437 \u044d\u0442\u0438\u0445 \u0432\u0435\u0434\u043e\u043c\u0441\u0442\u0432, \u043e\u0431\u0440\u0430\u0442\u0438\u0442\u0435\u0441\u044c \u043a \u043d\u0438\u043c \u043d\u0430\u043f\u0440\u044f\u043c\u0443\u044e:<\/p>\n<ul>\n<li><a href=\"https:\/\/www.skatteetaten.no\/en\/contact\/\" target=\"_blank\" rel=\"noopener\">\u041e\u0431\u0440\u0430\u0442\u0438\u0442\u0441\u044f \u0432 \u041d\u0430\u043b\u043e\u0433\u043e\u0432\u043e\u044e \u0441\u043b\u0443\u0436\u0431\u044e: skatteetaten.no<\/a><\/li>\n<li><a href=\"https:\/\/www.arbeidstilsynet.no\/en\/contact\/\" target=\"_blank\" rel=\"noopener\">\u041e\u0431\u0440\u0430\u0442\u0438\u0442\u0441\u044f \u0432 \u0418\u043d\u0441\u043f\u0435\u043a\u0446\u0438\u044e \u0442\u0440\u0443\u0434\u0430: arbeidstilsynet.no<\/a><\/li>\n<li><a href=\"https:\/\/www.udi.no\/en\/contact-us\/\" target=\"_blank\" rel=\"noopener\">\u041e\u0431\u0440\u0430\u0442\u0438\u0442\u0441\u044f \u0432 \u0414\u0438\u0440\u0435\u043a\u0442\u043e\u0440\u0430\u0442 \u043f\u043e \u0434\u0435\u043b\u0430\u043c \u0438\u043d\u043e\u0441\u0442\u0440\u0430\u043d\u0446\u0435\u0432: udi.no<\/a><\/li>\n<li><a href=\"https:\/\/www.politiet.no\/en\/english\/contact-the-police\/\" target=\"_blank\" rel=\"noopener\">\u041e\u0431\u0440\u0430\u0442\u0438\u0442\u0441\u044f \u0432 \u043f\u043e\u043b\u0438\u0446\u0438\u044e: politiet.no<\/a><\/li>\n<\/ul>\n<p>[\/et_pb_text][et_pb_code module_class=&raquo;post_dates&raquo; _builder_version=&raquo;4.27.4&#8243; _module_preset=&raquo;default&raquo; global_colors_info=&raquo;{}&raquo;]Publisert: 30.04.2025&nbsp;&nbsp;&nbsp;<span style=\"white-space: nowrap;\">Sist endret: 17.10.2025<\/span>[\/et_pb_code][\/et_pb_column][\/et_pb_row][\/et_pb_section]<\/p>","protected":false},"excerpt":{"rendered":"<p><span><span><a href=\"https:\/\/www.beta.sua.no\/ru\/\">\u0413\u043b\u0430\u0432\u043d\u0430\u044f \u0441\u0442\u0440\u0430\u043d\u0438\u0446\u0430<\/a><\/span><\/span>Bes\u00f8k SUADu m\u00e5 m\u00f8te opp fysisk for \u00e5 f\u00e5 hjelp p\u00e5 SUA. Vi tilbyr ikke veiledning p\u00e5 telefon eller e-post. Dette er en test\u00a0Slik kan du f\u00e5 hjelp p\u00e5 SUA Du kan bestille time hos Skatteetaten eller politiet p\u00e5 SUA. Du kan bes\u00f8ke informasjonsskranken uten \u00e5 bestille time f\u00f8rst. Du kan bes\u00f8ke Arbeidstilsynet uten \u00e5 [&hellip;]<\/p>","protected":false},"author":20,"featured_media":0,"parent":0,"menu_order":0,"comment_status":"closed","ping_status":"closed","template":"","meta":{"_et_pb_use_builder":"on","_et_pb_old_content":"","_et_gb_content_width":"","footnotes":""},"class_list":["post-5749","page","type-page","status-publish","hentry"],"yoast_head":"<!-- This site is optimized with the Yoast SEO plugin v26.0 - https:\/\/yoast.com\/wordpress\/plugins\/seo\/ -->\n<title>Bes\u00f8k SUA - SUA<\/title>\n<meta name=\"robots\" content=\"noindex, follow, max-snippet:-1, max-image-preview:large, max-video-preview:-1\" \/>\n<meta property=\"og:locale\" content=\"ru_RU\" \/>\n<meta property=\"og:type\" content=\"article\" \/>\n<meta property=\"og:title\" content=\"Bes\u00f8k SUA - SUA\" \/>\n<meta property=\"og:description\" content=\"Bes\u00f8k SUADu m\u00e5 m\u00f8te opp fysisk for \u00e5 f\u00e5 hjelp p\u00e5 SUA. Vi tilbyr ikke veiledning p\u00e5 telefon eller e-post. Dette er en test\u00a0Slik kan du f\u00e5 hjelp p\u00e5 SUA Du kan bestille time hos Skatteetaten eller politiet p\u00e5 SUA. Du kan bes\u00f8ke informasjonsskranken uten \u00e5 bestille time f\u00f8rst. Du kan bes\u00f8ke Arbeidstilsynet uten \u00e5 [&hellip;]\" \/>\n<meta property=\"og:url\" content=\"https:\/\/www.beta.sua.no\/ru\/besok-sua\/\" \/>\n<meta property=\"og:site_name\" content=\"SUA\" \/>\n<meta property=\"article:modified_time\" content=\"2025-10-17T12:51:47+00:00\" \/>\n<meta property=\"og:image\" content=\"https:\/\/www.beta.sua.no\/wp-content\/uploads\/2025\/03\/Bilde-til-banner-forside-scaled.jpg\" \/>\n\t<meta property=\"og:image:width\" content=\"2560\" \/>\n\t<meta property=\"og:image:height\" content=\"1707\" \/>\n\t<meta property=\"og:image:type\" content=\"image\/jpeg\" \/>\n<meta name=\"twitter:card\" content=\"summary_large_image\" \/>\n<meta name=\"twitter:image\" content=\"https:\/\/www.beta.sua.no\/wp-content\/uploads\/2025\/03\/Bilde-til-banner-forside-scaled.jpg\" \/>\n<meta name=\"twitter:label1\" content=\"\u041f\u0440\u0438\u043c\u0435\u0440\u043d\u043e\u0435 \u0432\u0440\u0435\u043c\u044f \u0434\u043b\u044f \u0447\u0442\u0435\u043d\u0438\u044f\" \/>\n\t<meta name=\"twitter:data1\" content=\"2 \u043c\u0438\u043d\u0443\u0442\u044b\" \/>\n<script type=\"application\/ld+json\" class=\"yoast-schema-graph\">{\"@context\":\"https:\/\/schema.org\",\"@graph\":[{\"@type\":\"WebPage\",\"@id\":\"https:\/\/www.beta.sua.no\/besok-sua\/\",\"url\":\"https:\/\/www.beta.sua.no\/besok-sua\/\",\"name\":\"Bes\u00f8k SUA - SUA\",\"isPartOf\":{\"@id\":\"https:\/\/www.beta.sua.no\/en\/#website\"},\"datePublished\":\"2025-04-30T08:28:34+00:00\",\"dateModified\":\"2025-10-17T12:51:47+00:00\",\"breadcrumb\":{\"@id\":\"https:\/\/www.beta.sua.no\/besok-sua\/#breadcrumb\"},\"inLanguage\":\"ru-RU\",\"potentialAction\":[{\"@type\":\"ReadAction\",\"target\":[\"https:\/\/www.beta.sua.no\/besok-sua\/\"]}]},{\"@type\":\"BreadcrumbList\",\"@id\":\"https:\/\/www.beta.sua.no\/besok-sua\/#breadcrumb\",\"itemListElement\":[{\"@type\":\"ListItem\",\"position\":1,\"name\":\"Forside\",\"item\":\"https:\/\/www.beta.sua.no\/\"},{\"@type\":\"ListItem\",\"position\":2,\"name\":\"Bes\u00f8k SUA\"}]},{\"@type\":\"WebSite\",\"@id\":\"https:\/\/www.beta.sua.no\/en\/#website\",\"url\":\"https:\/\/www.beta.sua.no\/en\/\",\"name\":\"SUA\",\"description\":\"Servicesenter for utenlandske arbeidstakere\",\"publisher\":{\"@id\":\"https:\/\/www.beta.sua.no\/en\/#organization\"},\"potentialAction\":[{\"@type\":\"SearchAction\",\"target\":{\"@type\":\"EntryPoint\",\"urlTemplate\":\"https:\/\/www.beta.sua.no\/en\/?s={search_term_string}\"},\"query-input\":{\"@type\":\"PropertyValueSpecification\",\"valueRequired\":true,\"valueName\":\"search_term_string\"}}],\"inLanguage\":\"ru-RU\"},{\"@type\":\"Organization\",\"@id\":\"https:\/\/www.beta.sua.no\/en\/#organization\",\"name\":\"Servicesenter for utenlandske arbeidstakere\",\"url\":\"https:\/\/www.beta.sua.no\/en\/\",\"logo\":{\"@type\":\"ImageObject\",\"inLanguage\":\"ru-RU\",\"@id\":\"https:\/\/www.beta.sua.no\/en\/#\/schema\/logo\/image\/\",\"url\":\"https:\/\/www.beta.sua.no\/wp-content\/uploads\/2021\/04\/SUA-logo-NO-uten-luft-1.png\",\"contentUrl\":\"https:\/\/www.beta.sua.no\/wp-content\/uploads\/2021\/04\/SUA-logo-NO-uten-luft-1.png\",\"width\":541,\"height\":119,\"caption\":\"Servicesenter for utenlandske arbeidstakere\"},\"image\":{\"@id\":\"https:\/\/www.beta.sua.no\/en\/#\/schema\/logo\/image\/\"}}]}<\/script>\n<!-- \/ Yoast SEO plugin. -->","yoast_head_json":{"title":"Bes\u00f8k SUA - SUA","robots":{"index":"noindex","follow":"follow","max-snippet":"max-snippet:-1","max-image-preview":"max-image-preview:large","max-video-preview":"max-video-preview:-1"},"og_locale":"ru_RU","og_type":"article","og_title":"Bes\u00f8k SUA - SUA","og_description":"Bes\u00f8k SUADu m\u00e5 m\u00f8te opp fysisk for \u00e5 f\u00e5 hjelp p\u00e5 SUA. Vi tilbyr ikke veiledning p\u00e5 telefon eller e-post. Dette er en test\u00a0Slik kan du f\u00e5 hjelp p\u00e5 SUA Du kan bestille time hos Skatteetaten eller politiet p\u00e5 SUA. Du kan bes\u00f8ke informasjonsskranken uten \u00e5 bestille time f\u00f8rst. Du kan bes\u00f8ke Arbeidstilsynet uten \u00e5 [&hellip;]","og_url":"https:\/\/www.beta.sua.no\/ru\/besok-sua\/","og_site_name":"SUA","article_modified_time":"2025-10-17T12:51:47+00:00","og_image":[{"width":2560,"height":1707,"url":"https:\/\/www.beta.sua.no\/wp-content\/uploads\/2025\/03\/Bilde-til-banner-forside-scaled.jpg","type":"image\/jpeg"}],"twitter_card":"summary_large_image","twitter_image":"https:\/\/www.beta.sua.no\/wp-content\/uploads\/2025\/03\/Bilde-til-banner-forside-scaled.jpg","twitter_misc":{"\u041f\u0440\u0438\u043c\u0435\u0440\u043d\u043e\u0435 \u0432\u0440\u0435\u043c\u044f \u0434\u043b\u044f \u0447\u0442\u0435\u043d\u0438\u044f":"2 \u043c\u0438\u043d\u0443\u0442\u044b"},"schema":{"@context":"https:\/\/schema.org","@graph":[{"@type":"WebPage","@id":"https:\/\/www.beta.sua.no\/besok-sua\/","url":"https:\/\/www.beta.sua.no\/besok-sua\/","name":"Bes\u00f8k SUA - SUA","isPartOf":{"@id":"https:\/\/www.beta.sua.no\/en\/#website"},"datePublished":"2025-04-30T08:28:34+00:00","dateModified":"2025-10-17T12:51:47+00:00","breadcrumb":{"@id":"https:\/\/www.beta.sua.no\/besok-sua\/#breadcrumb"},"inLanguage":"ru-RU","potentialAction":[{"@type":"ReadAction","target":["https:\/\/www.beta.sua.no\/besok-sua\/"]}]},{"@type":"BreadcrumbList","@id":"https:\/\/www.beta.sua.no\/besok-sua\/#breadcrumb","itemListElement":[{"@type":"ListItem","position":1,"name":"Forside","item":"https:\/\/www.beta.sua.no\/"},{"@type":"ListItem","position":2,"name":"Bes\u00f8k SUA"}]},{"@type":"WebSite","@id":"https:\/\/www.beta.sua.no\/en\/#website","url":"https:\/\/www.beta.sua.no\/en\/","name":"SUA","description":"Servicesenter for utenlandske arbeidstakere","publisher":{"@id":"https:\/\/www.beta.sua.no\/en\/#organization"},"potentialAction":[{"@type":"SearchAction","target":{"@type":"EntryPoint","urlTemplate":"https:\/\/www.beta.sua.no\/en\/?s={search_term_string}"},"query-input":{"@type":"PropertyValueSpecification","valueRequired":true,"valueName":"search_term_string"}}],"inLanguage":"ru-RU"},{"@type":"Organization","@id":"https:\/\/www.beta.sua.no\/en\/#organization","name":"Servicesenter for utenlandske arbeidstakere","url":"https:\/\/www.beta.sua.no\/en\/","logo":{"@type":"ImageObject","inLanguage":"ru-RU","@id":"https:\/\/www.beta.sua.no\/en\/#\/schema\/logo\/image\/","url":"https:\/\/www.beta.sua.no\/wp-content\/uploads\/2021\/04\/SUA-logo-NO-uten-luft-1.png","contentUrl":"https:\/\/www.beta.sua.no\/wp-content\/uploads\/2021\/04\/SUA-logo-NO-uten-luft-1.png","width":541,"height":119,"caption":"Servicesenter for utenlandske arbeidstakere"},"image":{"@id":"https:\/\/www.beta.sua.no\/en\/#\/schema\/logo\/image\/"}}]}},"_links":{"self":[{"href":"https:\/\/www.beta.sua.no\/ru\/wp-json\/wp\/v2\/pages\/5749","targetHints":{"allow":["GET"]}}],"collection":[{"href":"https:\/\/www.beta.sua.no\/ru\/wp-json\/wp\/v2\/pages"}],"about":[{"href":"https:\/\/www.beta.sua.no\/ru\/wp-json\/wp\/v2\/types\/page"}],"author":[{"embeddable":true,"href":"https:\/\/www.beta.sua.no\/ru\/wp-json\/wp\/v2\/users\/20"}],"replies":[{"embeddable":true,"href":"https:\/\/www.beta.sua.no\/ru\/wp-json\/wp\/v2\/comments?post=5749"}],"version-history":[{"count":32,"href":"https:\/\/www.beta.sua.no\/ru\/wp-json\/wp\/v2\/pages\/5749\/revisions"}],"predecessor-version":[{"id":8100,"href":"https:\/\/www.beta.sua.no\/ru\/wp-json\/wp\/v2\/pages\/5749\/revisions\/8100"}],"wp:attachment":[{"href":"https:\/\/www.beta.sua.no\/ru\/wp-json\/wp\/v2\/media?parent=5749"}],"curies":[{"name":"wp","href":"https:\/\/api.w.org\/{rel}","templated":true}]}}