{"id":5749,"date":"2025-04-30T08:28:34","date_gmt":"2025-04-30T08:28:34","guid":{"rendered":"https:\/\/www.beta.sua.no\/?page_id=5749"},"modified":"2025-10-17T12:51:47","modified_gmt":"2025-10-17T12:51:47","slug":"besok-sua","status":"publish","type":"page","link":"https:\/\/www.beta.sua.no\/ro\/besok-sua\/","title":{"rendered":"Viziteaz\u0103 SUA"},"content":{"rendered":"<p>[et_pb_section fb_built=&raquo;1&#8243; _builder_version=&raquo;4.27.4&#8243; _module_preset=&raquo;default&raquo; global_colors_info=&raquo;{}&raquo;][et_pb_row module_class=&raquo;artikkelside-column&raquo; _builder_version=&raquo;4.27.4&#8243; _module_preset=&raquo;default&raquo; global_colors_info=&raquo;{}&raquo;][et_pb_column type=&raquo;4_4&#8243; _builder_version=&raquo;4.27.4&#8243; _module_preset=&raquo;default&raquo; global_colors_info=&raquo;{}&raquo;][et_pb_code _builder_version=&raquo;4.27.4&#8243; _module_preset=&raquo;default&raquo; global_colors_info=&raquo;{}&raquo;]<\/p>\n<nav aria-label=\"br\u00f8dsmulesti\"><span><span><a href=\"https:\/\/www.beta.sua.no\/ro\/\">Prima pagin\u0103<\/a><\/span><\/span><\/nav>\n<p>[\/et_pb_code][et_pb_text _builder_version=&raquo;4.27.4&#8243; _module_preset=&raquo;default&raquo; global_colors_info=&raquo;{}&raquo;]<\/p>\n<h1><strong>Viziteaz\u0103 SUA<\/strong><\/h1>\n<p>[\/et_pb_text][et_pb_text module_class=&raquo;ingress&raquo; _builder_version=&raquo;4.27.4&#8243; _module_preset=&raquo;default&raquo; global_colors_info=&raquo;{}&raquo;]<\/p>\n<p><span data-contrast=\"none\" xml:lang=\"NB-NO\" lang=\"NB-NO\" class=\"TextRun SCXW128819575 BCX8\"><span class=\"NormalTextRun SCXW128819575 BCX8\" data-ccp-parastyle=\"Subtitle\">Du<\/span><span class=\"NormalTextRun SCXW128819575 BCX8\" data-ccp-parastyle=\"Subtitle\"> m\u00e5 m\u00f8te opp fysisk for \u00e5 f\u00e5 hjelp p\u00e5 SUA. Vi <\/span><span class=\"NormalTextRun SCXW128819575 BCX8\" data-ccp-parastyle=\"Subtitle\">tilbyr ikke veiledning p\u00e5 telefon eller e-post. Dette er en test<\/span><\/span><span class=\"EOP SCXW128819575 BCX8\" data-ccp-props=\"{}\">\u00a0<\/span><\/p>\n<p>[\/et_pb_text][\/et_pb_column][\/et_pb_row][et_pb_row module_class=&raquo;artikkelside-column&raquo; _builder_version=&raquo;4.27.4&#8243; _module_preset=&raquo;default&raquo; global_colors_info=&raquo;{}&raquo;][et_pb_column type=&raquo;4_4&#8243; _builder_version=&raquo;4.27.4&#8243; _module_preset=&raquo;default&raquo; global_colors_info=&raquo;{}&raquo;][et_pb_text module_class=&raquo;artikkelside-text&raquo; _builder_version=&raquo;4.27.4&#8243; _module_preset=&raquo;default&raquo; text_text_color=&raquo;#000000&#8243; global_colors_info=&raquo;{}&raquo;]<\/p>\n<h2>Astfel po\u021bi primi ajutor la SUA<\/h2>\n<ul>\n<li>Po\u021bi face o <a href=\"https:\/\/www.sua.no\/en\/book-appointment\/\">programare la Agen\u021bia Na\u021bional\u0103 de Administrare Fiscal\u0103 sau la Poli\u021bia din cadrul SUA<\/a>.<\/li>\n<li>Po\u021bi vizita biroul de informa\u021bii f\u0103r\u0103 s\u0103 ai o programare.<\/li>\n<li>Po\u021bi vizita Autoritatea de Inspec\u021bia Muncii f\u0103r\u0103 s\u0103 ai o programare.<\/li>\n<\/ul>\n<p>[\/et_pb_text][et_pb_text module_class=&raquo;artikkelside-text&raquo; _builder_version=&raquo;4.27.4&#8243; _module_preset=&raquo;default&raquo; text_text_color=&raquo;#000000&#8243; global_colors_info=&raquo;{}&raquo;]<\/p>\n<h2>Viziteaz\u0103 birourile de informa\u021bii din cadrul SUA<\/h2>\n<p>Nu trebuie s\u0103 \u00ee\u021bi faci o programare pentru a vizita birourile noastre de informa\u021bii. La biroul de informa\u021bii po\u021bi primi ajutor dac\u0103 ai \u00eentreb\u0103ri despre cum s\u0103<\/p>\n<ul>\n<li>\u00ee\u021bi faci programare la Agen\u021bia Na\u021bional\u0103 de Administrare Fiscal\u0103 sau la Poli\u021bia din cadrul SUA<\/li>\n<li>ob\u021bii un card de impozitare<\/li>\n<li>raportezi muta\u021bia \u00een Norvegia<\/li>\n<li>aplici pentru un permis de \u0219edere<\/li>\n<li>ob\u021bii certificatul de \u00eenregistrare<\/li>\n<li>ob\u021bii o identitate electronic\u0103 (MinID sau BankID)<\/li>\n<\/ul>\n<p>[\/et_pb_text][et_pb_text module_class=&raquo;artikkelside-text&raquo; _builder_version=&raquo;4.27.4&#8243; _module_preset=&raquo;default&raquo; custom_padding=&raquo;||30px||false|false&raquo; global_colors_info=&raquo;{}&raquo;]<\/p>\n<h2>Orele de deschidere ale birourilor de informa\u021bii<\/h2>\n<p><strong>Oslo,\u202fSchweigaards gate 17<\/strong><br \/>Luni \u0219i vineri: 12.00\u201315.00<br \/>Mar\u021bi, miercuri \u0219i joi: 09.00\u201312.00<br \/><a href=\"https:\/\/www.google.com\/maps\/place\/Service+Centre+for+Foreign+Workers+(SUA)+-+Oslo\/@59.910577,10.7613327,15z\/data=!4m5!3m4!1s0x0:0xdfc39aa3d5bedbc3!8m2!3d59.910577!4d10.7613327?sa=X&amp;ved=2ahUKEwjk--a72PPuAhWxtIsKHVd5CYUQ_BIwC3oECBgQBQ&amp;shorturl=1\" target=\"_blank\" rel=\"noopener\">Deschide harta \u00een Google Maps<\/a><\/p>\n<p><strong>Stavanger, Lag\u00e5rdsveien 46<\/strong><br \/>Mar\u021bi \u0219i joi: 09.00\u201311.00 og 12.00\u201314.30<br \/><a href=\"https:\/\/www.google.com\/maps\/place\/Service+Centre+for+Foreign+Workers\/@58.960699,5.7386312,15z\/data=!4m5!3m4!1s0x0:0xb7472c9ee4221eaf!8m2!3d58.960699!4d5.7386312?shorturl=1\" target=\"_blank\" rel=\"noopener\">Deschide harta \u00een Google Maps<\/a><\/p>\n<p>[\/et_pb_text][et_pb_text module_class=&raquo;artikkelside-text&raquo; _builder_version=&raquo;4.27.4&#8243; _module_preset=&raquo;default&raquo; custom_padding=&raquo;||30px||false|false&raquo; global_colors_info=&raquo;{}&raquo;]<\/p>\n<h2>Viziteaz\u0103 Autoritatea de Inspec\u021bia Muncii din cadrul SUA<\/h2>\n<p>\nNu trebuie s\u0103 \u00ee\u021bi faci o programare pentru a vizita Autoritatea de Inspec\u021bia Muncii din cadrul SUA. Autoritatea de Inspec\u021bia muncii poate r\u0103spunde la \u00eentreb\u0103ri legate de contractul de munc\u0103, salariu, plata orelor suplimentare \u0219i vacan\u021b\u0103.<\/p>\n<h3>Programul de lucru cu publicul al Autorit\u0103\u021bii de Inspec\u021bia Muncii<\/h3>\n<p><b>Autoritatea Norvegian\u0103 de Inspec\u021bia Muncii din cadrul SUA Oslo<\/b><br \/>\nDe luni p\u00e2n\u0103 joi: 09.00\u201315.00<\/p>\n<p><b>Autoritatea Norvegian\u0103 de Inspec\u021bia Muncii din cadrul SUA Stavanger<\/b><br \/>\nLuni: 12.00\u201315.00<br \/>\nDe mar\u021bi p\u00e2n\u0103 vineri: 09.00\u201315.00<\/p>\n<p><b>Autoritatea Norvegian\u0103 de Inspec\u021bia Muncii din cadrul SUA Bergen<\/b><br \/>\nLuni \u0219i vineri: 09.00\u201315.00<\/p>\n<p><b>Autoritatea Norvegian\u0103 de Inspec\u021bia Muncii din cadrul SUA Trondheim<\/b><br \/>\nLuni \u0219i vineri: 09.00\u201315.00<\/p>\n<p><em>Not\u0103: Ghi\u0219eele Inspectoratului Muncii vor fi \u00eenchise pe 26 \u0219i 27 mai \u00een Oslo \u0219i Stavanger.\u00a0<\/em>\n<\/p>\n<p>[\/et_pb_text][et_pb_text module_class=&raquo;artikkelside-text&raquo; _builder_version=&raquo;4.27.4&#8243; _module_preset=&raquo;default&raquo; global_colors_info=&raquo;{}&raquo;]<\/p>\n<h2>Ai alte \u00eentreb\u0103ri?<\/h2>\n<p>\nSUA este o colaborare \u00eentre  Agen\u021bia Na\u021bional\u0103 de Administrare Fiscal\u0103, Poli\u021bie, UDI \u0219i Autoritatea de Inspec\u021bia Muncii. Dore\u0219ti s\u0103 intri \u00een contact cu una dintre aceste institu\u021bii, trebuie s\u0103 le contactezi direct.<\/p>\n<ul>\n<li><a href=\"https:\/\/www.skatteetaten.no\/en\/contact\/\" target=\"_blank\" rel=\"noopener\">Contacteaz\u0103 Agen\u021bia de Administrare Fiscal\u0103 (skatteetaten.no)<\/a><\/li>\n<li><a href=\"https:\/\/www.arbeidstilsynet.no\/en\/contact\/\" target=\"_blank\" rel=\"noopener\">Contacteaz\u0103 Autoritatea de Inspec\u021bia Muncii (arbeidstilsynet.no)<\/a><\/li>\n<li><a href=\"https:\/\/www.udi.no\/en\/contact-us\/\" target=\"_blank\" rel=\"noopener\">Contacteaz\u0103 UDI (udi.no)<\/a><\/li>\n<li><a href=\"https:\/\/www.politiet.no\/en\/english\/contact-the-police\/\" target=\"_blank\" rel=\"noopener\">Contacteaz\u0103 Poli\u021bia (politiet.no)<\/a><\/li>\n<\/ul>\n<p>[\/et_pb_text][et_pb_code module_class=&raquo;post_dates&raquo; _builder_version=&raquo;4.27.4&#8243; _module_preset=&raquo;default&raquo; global_colors_info=&raquo;{}&raquo;]Publisert: 30.04.2025&nbsp;&nbsp;&nbsp;<span style=\"white-space: nowrap;\">Sist endret: 17.10.2025<\/span>[\/et_pb_code][\/et_pb_column][\/et_pb_row][\/et_pb_section]<\/p>","protected":false},"excerpt":{"rendered":"<p><span><span><a href=\"https:\/\/www.beta.sua.no\/ro\/\">Prima pagin\u0103<\/a><\/span><\/span>Bes\u00f8k SUADu m\u00e5 m\u00f8te opp fysisk for \u00e5 f\u00e5 hjelp p\u00e5 SUA. Vi tilbyr ikke veiledning p\u00e5 telefon eller e-post. Dette er en test\u00a0Slik kan du f\u00e5 hjelp p\u00e5 SUA Du kan bestille time hos Skatteetaten eller politiet p\u00e5 SUA. Du kan bes\u00f8ke informasjonsskranken uten \u00e5 bestille time f\u00f8rst. Du kan bes\u00f8ke Arbeidstilsynet uten \u00e5 [&hellip;]<\/p>","protected":false},"author":20,"featured_media":0,"parent":0,"menu_order":0,"comment_status":"closed","ping_status":"closed","template":"","meta":{"_et_pb_use_builder":"on","_et_pb_old_content":"","_et_gb_content_width":"","footnotes":""},"class_list":["post-5749","page","type-page","status-publish","hentry"],"yoast_head":"<!-- This site is optimized with the Yoast SEO plugin v26.0 - https:\/\/yoast.com\/wordpress\/plugins\/seo\/ -->\n<title>Bes\u00f8k SUA - SUA<\/title>\n<meta name=\"robots\" content=\"noindex, follow, max-snippet:-1, max-image-preview:large, max-video-preview:-1\" \/>\n<meta property=\"og:locale\" content=\"ro_RO\" \/>\n<meta property=\"og:type\" content=\"article\" \/>\n<meta property=\"og:title\" content=\"Bes\u00f8k SUA - SUA\" \/>\n<meta property=\"og:description\" content=\"Bes\u00f8k SUADu m\u00e5 m\u00f8te opp fysisk for \u00e5 f\u00e5 hjelp p\u00e5 SUA. Vi tilbyr ikke veiledning p\u00e5 telefon eller e-post. Dette er en test\u00a0Slik kan du f\u00e5 hjelp p\u00e5 SUA Du kan bestille time hos Skatteetaten eller politiet p\u00e5 SUA. Du kan bes\u00f8ke informasjonsskranken uten \u00e5 bestille time f\u00f8rst. Du kan bes\u00f8ke Arbeidstilsynet uten \u00e5 [&hellip;]\" \/>\n<meta property=\"og:url\" content=\"https:\/\/www.beta.sua.no\/ro\/besok-sua\/\" \/>\n<meta property=\"og:site_name\" content=\"SUA\" \/>\n<meta property=\"article:modified_time\" content=\"2025-10-17T12:51:47+00:00\" \/>\n<meta property=\"og:image\" content=\"https:\/\/www.beta.sua.no\/wp-content\/uploads\/2025\/03\/Bilde-til-banner-forside-scaled.jpg\" \/>\n\t<meta property=\"og:image:width\" content=\"2560\" \/>\n\t<meta property=\"og:image:height\" content=\"1707\" \/>\n\t<meta property=\"og:image:type\" content=\"image\/jpeg\" \/>\n<meta name=\"twitter:card\" content=\"summary_large_image\" \/>\n<meta name=\"twitter:image\" content=\"https:\/\/www.beta.sua.no\/wp-content\/uploads\/2025\/03\/Bilde-til-banner-forside-scaled.jpg\" \/>\n<meta name=\"twitter:label1\" content=\"Timp estimat pentru citire\" \/>\n\t<meta name=\"twitter:data1\" content=\"2 minute\" \/>\n<script type=\"application\/ld+json\" class=\"yoast-schema-graph\">{\"@context\":\"https:\/\/schema.org\",\"@graph\":[{\"@type\":\"WebPage\",\"@id\":\"https:\/\/www.beta.sua.no\/besok-sua\/\",\"url\":\"https:\/\/www.beta.sua.no\/besok-sua\/\",\"name\":\"Bes\u00f8k SUA - SUA\",\"isPartOf\":{\"@id\":\"https:\/\/www.beta.sua.no\/en\/#website\"},\"datePublished\":\"2025-04-30T08:28:34+00:00\",\"dateModified\":\"2025-10-17T12:51:47+00:00\",\"breadcrumb\":{\"@id\":\"https:\/\/www.beta.sua.no\/besok-sua\/#breadcrumb\"},\"inLanguage\":\"ro-RO\",\"potentialAction\":[{\"@type\":\"ReadAction\",\"target\":[\"https:\/\/www.beta.sua.no\/besok-sua\/\"]}]},{\"@type\":\"BreadcrumbList\",\"@id\":\"https:\/\/www.beta.sua.no\/besok-sua\/#breadcrumb\",\"itemListElement\":[{\"@type\":\"ListItem\",\"position\":1,\"name\":\"Forside\",\"item\":\"https:\/\/www.beta.sua.no\/\"},{\"@type\":\"ListItem\",\"position\":2,\"name\":\"Bes\u00f8k SUA\"}]},{\"@type\":\"WebSite\",\"@id\":\"https:\/\/www.beta.sua.no\/en\/#website\",\"url\":\"https:\/\/www.beta.sua.no\/en\/\",\"name\":\"SUA\",\"description\":\"Servicesenter for utenlandske arbeidstakere\",\"publisher\":{\"@id\":\"https:\/\/www.beta.sua.no\/en\/#organization\"},\"potentialAction\":[{\"@type\":\"SearchAction\",\"target\":{\"@type\":\"EntryPoint\",\"urlTemplate\":\"https:\/\/www.beta.sua.no\/en\/?s={search_term_string}\"},\"query-input\":{\"@type\":\"PropertyValueSpecification\",\"valueRequired\":true,\"valueName\":\"search_term_string\"}}],\"inLanguage\":\"ro-RO\"},{\"@type\":\"Organization\",\"@id\":\"https:\/\/www.beta.sua.no\/en\/#organization\",\"name\":\"Servicesenter for utenlandske arbeidstakere\",\"url\":\"https:\/\/www.beta.sua.no\/en\/\",\"logo\":{\"@type\":\"ImageObject\",\"inLanguage\":\"ro-RO\",\"@id\":\"https:\/\/www.beta.sua.no\/en\/#\/schema\/logo\/image\/\",\"url\":\"https:\/\/www.beta.sua.no\/wp-content\/uploads\/2021\/04\/SUA-logo-NO-uten-luft-1.png\",\"contentUrl\":\"https:\/\/www.beta.sua.no\/wp-content\/uploads\/2021\/04\/SUA-logo-NO-uten-luft-1.png\",\"width\":541,\"height\":119,\"caption\":\"Servicesenter for utenlandske arbeidstakere\"},\"image\":{\"@id\":\"https:\/\/www.beta.sua.no\/en\/#\/schema\/logo\/image\/\"}}]}<\/script>\n<!-- \/ Yoast SEO plugin. -->","yoast_head_json":{"title":"Viziteaz\u0103 SUA - SUA","robots":{"index":"noindex","follow":"follow","max-snippet":"max-snippet:-1","max-image-preview":"max-image-preview:large","max-video-preview":"max-video-preview:-1"},"og_locale":"ro_RO","og_type":"article","og_title":"Bes\u00f8k SUA - SUA","og_description":"Bes\u00f8k SUADu m\u00e5 m\u00f8te opp fysisk for \u00e5 f\u00e5 hjelp p\u00e5 SUA. Vi tilbyr ikke veiledning p\u00e5 telefon eller e-post. Dette er en test\u00a0Slik kan du f\u00e5 hjelp p\u00e5 SUA Du kan bestille time hos Skatteetaten eller politiet p\u00e5 SUA. Du kan bes\u00f8ke informasjonsskranken uten \u00e5 bestille time f\u00f8rst. Du kan bes\u00f8ke Arbeidstilsynet uten \u00e5 [&hellip;]","og_url":"https:\/\/www.beta.sua.no\/ro\/besok-sua\/","og_site_name":"SUA","article_modified_time":"2025-10-17T12:51:47+00:00","og_image":[{"width":2560,"height":1707,"url":"https:\/\/www.beta.sua.no\/wp-content\/uploads\/2025\/03\/Bilde-til-banner-forside-scaled.jpg","type":"image\/jpeg"}],"twitter_card":"summary_large_image","twitter_image":"https:\/\/www.beta.sua.no\/wp-content\/uploads\/2025\/03\/Bilde-til-banner-forside-scaled.jpg","twitter_misc":{"Timp estimat pentru citire":"2 minute"},"schema":{"@context":"https:\/\/schema.org","@graph":[{"@type":"WebPage","@id":"https:\/\/www.beta.sua.no\/besok-sua\/","url":"https:\/\/www.beta.sua.no\/besok-sua\/","name":"Viziteaz\u0103 SUA - SUA","isPartOf":{"@id":"https:\/\/www.beta.sua.no\/en\/#website"},"datePublished":"2025-04-30T08:28:34+00:00","dateModified":"2025-10-17T12:51:47+00:00","breadcrumb":{"@id":"https:\/\/www.beta.sua.no\/besok-sua\/#breadcrumb"},"inLanguage":"ro-RO","potentialAction":[{"@type":"ReadAction","target":["https:\/\/www.beta.sua.no\/besok-sua\/"]}]},{"@type":"BreadcrumbList","@id":"https:\/\/www.beta.sua.no\/besok-sua\/#breadcrumb","itemListElement":[{"@type":"ListItem","position":1,"name":"Forside","item":"https:\/\/www.beta.sua.no\/"},{"@type":"ListItem","position":2,"name":"Bes\u00f8k SUA"}]},{"@type":"WebSite","@id":"https:\/\/www.beta.sua.no\/en\/#website","url":"https:\/\/www.beta.sua.no\/en\/","name":"SUA","description":"Servicesenter for utenlandske arbeidstakere","publisher":{"@id":"https:\/\/www.beta.sua.no\/en\/#organization"},"potentialAction":[{"@type":"SearchAction","target":{"@type":"EntryPoint","urlTemplate":"https:\/\/www.beta.sua.no\/en\/?s={search_term_string}"},"query-input":{"@type":"PropertyValueSpecification","valueRequired":true,"valueName":"search_term_string"}}],"inLanguage":"ro-RO"},{"@type":"Organization","@id":"https:\/\/www.beta.sua.no\/en\/#organization","name":"Servicesenter for utenlandske arbeidstakere","url":"https:\/\/www.beta.sua.no\/en\/","logo":{"@type":"ImageObject","inLanguage":"ro-RO","@id":"https:\/\/www.beta.sua.no\/en\/#\/schema\/logo\/image\/","url":"https:\/\/www.beta.sua.no\/wp-content\/uploads\/2021\/04\/SUA-logo-NO-uten-luft-1.png","contentUrl":"https:\/\/www.beta.sua.no\/wp-content\/uploads\/2021\/04\/SUA-logo-NO-uten-luft-1.png","width":541,"height":119,"caption":"Servicesenter for utenlandske arbeidstakere"},"image":{"@id":"https:\/\/www.beta.sua.no\/en\/#\/schema\/logo\/image\/"}}]}},"_links":{"self":[{"href":"https:\/\/www.beta.sua.no\/ro\/wp-json\/wp\/v2\/pages\/5749","targetHints":{"allow":["GET"]}}],"collection":[{"href":"https:\/\/www.beta.sua.no\/ro\/wp-json\/wp\/v2\/pages"}],"about":[{"href":"https:\/\/www.beta.sua.no\/ro\/wp-json\/wp\/v2\/types\/page"}],"author":[{"embeddable":true,"href":"https:\/\/www.beta.sua.no\/ro\/wp-json\/wp\/v2\/users\/20"}],"replies":[{"embeddable":true,"href":"https:\/\/www.beta.sua.no\/ro\/wp-json\/wp\/v2\/comments?post=5749"}],"version-history":[{"count":32,"href":"https:\/\/www.beta.sua.no\/ro\/wp-json\/wp\/v2\/pages\/5749\/revisions"}],"predecessor-version":[{"id":8100,"href":"https:\/\/www.beta.sua.no\/ro\/wp-json\/wp\/v2\/pages\/5749\/revisions\/8100"}],"wp:attachment":[{"href":"https:\/\/www.beta.sua.no\/ro\/wp-json\/wp\/v2\/media?parent=5749"}],"curies":[{"name":"wp","href":"https:\/\/api.w.org\/{rel}","templated":true}]}}