{"id":313,"date":"2020-10-15T11:08:15","date_gmt":"2020-10-15T11:08:15","guid":{"rendered":"https:\/\/www.beta.sua.no\/v2\/?page_id=313"},"modified":"2025-05-11T14:20:37","modified_gmt":"2025-05-11T14:20:37","slug":"bestill-time","status":"publish","type":"page","link":"https:\/\/www.beta.sua.no\/ro\/faceti-o-programare\/","title":{"rendered":"Face\u021bi programare"},"content":{"rendered":"[et_pb_section fb_built=&raquo;1&#8243; custom_padding_last_edited=&raquo;on|phone&raquo; disabled_on=&raquo;on|on|on&raquo; _builder_version=&raquo;4.16&#8243; _module_preset=&raquo;default&raquo; custom_padding=&raquo;||||false|false&raquo; custom_padding_tablet=&raquo;0px||||false|false&raquo; custom_padding_phone=&raquo;&raquo; disabled=&raquo;on&raquo; global_colors_info=&raquo;{}&raquo;][et_pb_row custom_padding_last_edited=&raquo;on|phone&raquo; _builder_version=&raquo;4.16&#8243; _module_preset=&raquo;default&raquo; width_tablet=&raquo;&raquo; width_phone=&raquo;100%&raquo; width_last_edited=&raquo;on|phone&raquo; max_width=&raquo;550px&raquo; custom_padding_tablet=&raquo;&raquo; custom_padding_phone=&raquo;|16px||16px|false|false&raquo; global_colors_info=&raquo;{}&raquo;][et_pb_column type=&raquo;4_4&#8243; _builder_version=&raquo;4.16&#8243; _module_preset=&raquo;default&raquo; global_colors_info=&raquo;{}&raquo;][et_pb_text _builder_version=&raquo;4.16&#8243; _module_preset=&raquo;default&raquo; header_line_height=&raquo;1.2em&raquo; custom_margin=&raquo;||||false|false&raquo; custom_margin_tablet=&raquo;&raquo; custom_margin_phone=&raquo;||||false|false&raquo; custom_margin_last_edited=&raquo;on|phone&raquo; header_font_size_tablet=&raquo;&raquo; header_font_size_phone=&raquo;24px&raquo; header_font_size_last_edited=&raquo;on|phone&raquo; global_colors_info=&raquo;{}&raquo;]<h1><strong>Face\u021bi o programare la Poli\u021bie sau la Agen\u021bia na\u021bional\u0103 de administrare fiscal\u0103 \u00een cadrul SUA<\/strong><\/h1>[\/et_pb_text][\/et_pb_column][\/et_pb_row][et_pb_row custom_padding_last_edited=&raquo;on|phone&raquo; _builder_version=&raquo;4.16&#8243; _module_preset=&raquo;default&raquo; width_tablet=&raquo;&raquo; width_phone=&raquo;100%&raquo; width_last_edited=&raquo;on|phone&raquo; max_width=&raquo;550px&raquo; custom_padding_tablet=&raquo;&raquo; custom_padding_phone=&raquo;0px|16px|0px|16px|false|false&raquo; global_colors_info=&raquo;{}&raquo;][et_pb_column type=&raquo;4_4&#8243; _builder_version=&raquo;4.16&#8243; _module_preset=&raquo;default&raquo; global_colors_info=&raquo;{}&raquo;][et_pb_text _builder_version=&raquo;4.16&#8243; _module_preset=&raquo;default&raquo; header_2_text_color=&raquo;#000000&#8243; header_2_font_size=&raquo;20px&raquo; header_2_line_height=&raquo;1.2em&raquo; custom_margin=&raquo;||0px||false|false&raquo; custom_padding=&raquo;||0px||false|false&raquo; header_2_font_size_tablet=&raquo;&raquo; header_2_font_size_phone=&raquo;18px&raquo; header_2_font_size_last_edited=&raquo;on|phone&raquo; global_colors_info=&raquo;{}&raquo;]<h2>Selecta\u021bi cet\u0103\u021benia pentru a face o programare:<\/h2>[\/et_pb_text][\/et_pb_column][\/et_pb_row][et_pb_row column_structure=&raquo;1_3,1_3,1_3&#8243; custom_padding_last_edited=&raquo;on|phone&raquo; _builder_version=&raquo;4.16&#8243; _module_preset=&raquo;default&raquo; width_tablet=&raquo;&raquo; width_phone=&raquo;100%&raquo; width_last_edited=&raquo;on|phone&raquo; custom_padding_tablet=&raquo;&raquo; custom_padding_phone=&raquo;|16px||16px|false|false&raquo; locked=&raquo;off&raquo; global_colors_info=&raquo;{}&raquo;][et_pb_column type=&raquo;1_3&#8243; _builder_version=&raquo;4.16&#8243; _module_preset=&raquo;default&raquo; global_colors_info=&raquo;{}&raquo;][et_pb_text _builder_version=&raquo;4.16&#8243; _dynamic_attributes=&raquo;link_option_url&raquo; _module_preset=&raquo;default&raquo; text_text_color=&raquo;#ffffff&raquo; text_font_size=&raquo;20px&raquo; link_font=&raquo;||||on|||rgba(0,0,0,0)|&raquo; link_text_color=&raquo;#ffffff&raquo; background_color=&raquo;#0D739C&raquo; text_orientation=&raquo;center&raquo; custom_padding=&raquo;20px|4px|20px|4px|false|false&raquo; link_option_url=&raquo;@ET-DC@eyJkeW5hbWljIjp0cnVlLCJjb250ZW50IjoicG9zdF9saW5rX3VybF9wYWdlIiwic2V0dGluZ3MiOnsicG9zdF9pZCI6IjEwNDMifX0=@&raquo; border_radii=&raquo;on|10px|10px|10px|10px&raquo; global_colors_info=&raquo;{}&raquo; custom_css_main_element__hover_enabled=&raquo;on|desktop&raquo; background_color__hover=&raquo;#114462&#8243; background_enable_color__hover=&raquo;on&raquo; background__hover_enabled=&raquo;on|hover&raquo;]<p><a href=\"https:\/\/www.beta.sua.no\/ro\/faceti-o-programare\/nordic\/\" role=\"button\">Nordic\u0103<\/a><\/p>[\/et_pb_text][\/et_pb_column][et_pb_column type=&raquo;1_3&#8243; _builder_version=&raquo;4.16&#8243; _module_preset=&raquo;default&raquo; global_colors_info=&raquo;{}&raquo;][et_pb_text _builder_version=&raquo;4.16&#8243; _dynamic_attributes=&raquo;link_option_url&raquo; _module_preset=&raquo;default&raquo; text_text_color=&raquo;#ffffff&raquo; text_font_size=&raquo;20px&raquo; link_font=&raquo;||||on|||rgba(0,0,0,0)|&raquo; link_text_color=&raquo;#ffffff&raquo; background_color=&raquo;#0D739C&raquo; text_orientation=&raquo;center&raquo; custom_padding=&raquo;20px|4px|20px|4px|false|false&raquo; link_option_url=&raquo;@ET-DC@eyJkeW5hbWljIjp0cnVlLCJjb250ZW50IjoicG9zdF9saW5rX3VybF9wYWdlIiwic2V0dGluZ3MiOnsicG9zdF9pZCI6Ijk5MSJ9fQ==@&raquo; border_radii=&raquo;on|10px|10px|10px|10px&raquo; global_colors_info=&raquo;{}&raquo; custom_css_main_element__hover_enabled=&raquo;off|desktop&raquo; background_color__hover=&raquo;#114462&#8243; background_enable_color__hover=&raquo;on&raquo; background__hover_enabled=&raquo;on|hover&raquo;]<p><a href=\"https:\/\/www.beta.sua.no\/ro\/faceti-o-programare\/ue-see\/\" role=\"button\">UE \/ SEE<\/a><\/p>[\/et_pb_text][\/et_pb_column][et_pb_column type=&raquo;1_3&#8243; _builder_version=&raquo;4.16&#8243; _module_preset=&raquo;default&raquo; global_colors_info=&raquo;{}&raquo;][et_pb_text _builder_version=&raquo;4.16&#8243; _dynamic_attributes=&raquo;link_option_url&raquo; _module_preset=&raquo;default&raquo; text_text_color=&raquo;#ffffff&raquo; text_font_size=&raquo;20px&raquo; link_font=&raquo;||||on|||rgba(0,0,0,0)|&raquo; link_text_color=&raquo;#ffffff&raquo; background_color=&raquo;#0D739C&raquo; text_orientation=&raquo;center&raquo; custom_padding=&raquo;20px|4px|20px|4px|false|false&raquo; link_option_url=&raquo;@ET-DC@eyJkeW5hbWljIjp0cnVlLCJjb250ZW50IjoicG9zdF9saW5rX3VybF9wYWdlIiwic2V0dGluZ3MiOnsicG9zdF9pZCI6Ijk3OSJ9fQ==@&raquo; border_radii=&raquo;on|10px|10px|10px|10px&raquo; global_colors_info=&raquo;{}&raquo; custom_css_main_element__hover_enabled=&raquo;on|hover&raquo; background_color__hover=&raquo;#114462&#8243; background_enable_color__hover=&raquo;on&raquo; background__hover_enabled=&raquo;on|hover&raquo;]<p><a href=\"https:\/\/www.beta.sua.no\/ro\/faceti-o-programare\/afara-ue-see\/\" role=\"button\">Din afara UE\/SEE<\/a><\/p>[\/et_pb_text][\/et_pb_column][\/et_pb_row][\/et_pb_section][et_pb_section fb_built=&raquo;1&#8243; custom_padding_last_edited=&raquo;on|phone&raquo; module_class=&raquo;heading-section&raquo; _builder_version=&raquo;4.27.4&#8243; _module_preset=&raquo;default&raquo; custom_margin=&raquo;|||0px|false|false&raquo; custom_padding=&raquo;|||20px|false|false&raquo; custom_padding_tablet=&raquo;0px||||false|false&raquo; custom_padding_phone=&raquo;&raquo; global_colors_info=&raquo;{}&raquo;][et_pb_row custom_padding_last_edited=&raquo;on|phone&raquo; module_class=&raquo;artikkelside-column&raquo; _builder_version=&raquo;4.27.4&#8243; _module_preset=&raquo;default&raquo; width_tablet=&raquo;&raquo; width_phone=&raquo;100%&raquo; width_last_edited=&raquo;on|phone&raquo; custom_padding_tablet=&raquo;&raquo; custom_padding_phone=&raquo;|16px||16px|false|false&raquo; global_colors_info=&raquo;{}&raquo;][et_pb_column type=&raquo;4_4&#8243; _builder_version=&raquo;4.16&#8243; _module_preset=&raquo;default&raquo; global_colors_info=&raquo;{}&raquo;][et_pb_code _builder_version=&raquo;4.27.4&#8243; _module_preset=&raquo;default&raquo; width_tablet=&raquo;&raquo; width_phone=&raquo;&raquo; width_last_edited=&raquo;on|phone&raquo; custom_margin=&raquo;0px||10px||false|false&raquo; custom_padding=&raquo;8px||16px||false|false&raquo; custom_padding_tablet=&raquo;&raquo; custom_padding_phone=&raquo;8px||0px||false|false&raquo; custom_padding_last_edited=&raquo;on|phone&raquo; border_width_top_tablet=&raquo;&raquo; border_width_top_phone=&raquo;1px&raquo; border_width_top_last_edited=&raquo;on|phone&raquo; border_color_top_tablet=&raquo;&raquo; border_color_top_phone=&raquo;#CDE9F4&#8243; border_color_top_last_edited=&raquo;on|phone&raquo; global_colors_info=&raquo;{}&raquo;]<nav aria-label=\"br\u00f8dsmulesti\"><span><span><a href=\"https:\/\/www.beta.sua.no\/ro\/\">Prima pagin\u0103<\/a><\/span><\/span><\/nav><!-- [et_pb_line_break_holder] -->[\/et_pb_code][et_pb_text _builder_version=&raquo;4.27.4&#8243; _module_preset=&raquo;default&raquo; header_line_height=&raquo;1.2em&raquo; custom_margin=&raquo;||||false|false&raquo; custom_margin_tablet=&raquo;&raquo; custom_margin_phone=&raquo;||||false|false&raquo; custom_margin_last_edited=&raquo;on|phone&raquo; header_font_size_tablet=&raquo;&raquo; header_font_size_phone=&raquo;24px&raquo; header_font_size_last_edited=&raquo;on|phone&raquo; global_colors_info=&raquo;{}&raquo;]<h1 style=\"text-align: left;\"><strong>Face\u021bi o programare la Poli\u021bie sau la Agen\u021bia na\u021bional\u0103 de administrare fiscal\u0103 \u00een cadrul SUA<\/strong><\/h1>[\/et_pb_text][et_pb_text _builder_version=&raquo;4.27.4&#8243; _module_preset=&raquo;default&raquo; text_font_size=&raquo;18px&raquo; header_2_text_color=&raquo;#000000&#8243; header_2_font_size=&raquo;20px&raquo; header_2_line_height=&raquo;1.2em&raquo; custom_margin=&raquo;||0px||false|false&raquo; custom_padding=&raquo;||0px||false|false&raquo; header_2_font_size_tablet=&raquo;&raquo; header_2_font_size_phone=&raquo;18px&raquo; header_2_font_size_last_edited=&raquo;on|phone&raquo; global_colors_info=&raquo;{}&raquo;]<p style=\"text-align: left;\">Selecta\u021bi cet\u0103\u021benia pentru a face o programare:<\/p>[\/et_pb_text][\/et_pb_column][\/et_pb_row][\/et_pb_section][et_pb_section fb_built=&raquo;1&#8243; _builder_version=&raquo;4.27.4&#8243; _module_preset=&raquo;default&raquo; custom_padding=&raquo;|||20px|false|false&raquo; global_colors_info=&raquo;{}&raquo;][et_pb_row column_structure=&raquo;1_3,1_3,1_3&#8243; custom_padding_last_edited=&raquo;on|phone&raquo; module_class=&raquo;artikkelside-column&raquo; _builder_version=&raquo;4.27.4&#8243; _module_preset=&raquo;default&raquo; width_tablet=&raquo;&raquo; width_phone=&raquo;100%&raquo; width_last_edited=&raquo;on|phone&raquo; custom_margin=&raquo;||30px||false|false&raquo; custom_padding_tablet=&raquo;&raquo; custom_padding_phone=&raquo;0px|16px|0px|16px|false|false&raquo; global_colors_info=&raquo;{}&raquo;][et_pb_column type=&raquo;1_3&#8243; _builder_version=&raquo;4.16&#8243; _module_preset=&raquo;default&raquo; global_colors_info=&raquo;{}&raquo;][et_pb_button button_url=&raquo;\/bestill-time\/nordisk\/&raquo; button_text=&raquo;Nordisk&raquo; button_alignment=&raquo;left&raquo; module_class=&raquo;bestill-time-button&raquo; _builder_version=&raquo;4.27.4&#8243; _module_preset=&raquo;default&raquo; custom_button=&raquo;on&raquo; global_colors_info=&raquo;{}&raquo; button_text_color__hover_enabled=&raquo;on|hover&raquo; button_text_color__hover=&raquo;#000000&#8243;][\/et_pb_button][\/et_pb_column][et_pb_column type=&raquo;1_3&#8243; _builder_version=&raquo;4.27.4&#8243; _module_preset=&raquo;default&raquo; global_colors_info=&raquo;{}&raquo;][et_pb_button button_url=&raquo;\/bestill-time\/eu-eos\/&raquo; button_text=&raquo;EU\/E\u00d8S&raquo; button_alignment=&raquo;left&raquo; module_class=&raquo;bestill-time-button&raquo; _builder_version=&raquo;4.27.4&#8243; _module_preset=&raquo;default&raquo; custom_button=&raquo;on&raquo; global_colors_info=&raquo;{}&raquo; button_text_color__hover_enabled=&raquo;on|hover&raquo; button_text_color__hover=&raquo;#000000&#8243;][\/et_pb_button][\/et_pb_column][et_pb_column type=&raquo;1_3&#8243; _builder_version=&raquo;4.27.4&#8243; _module_preset=&raquo;default&raquo; global_colors_info=&raquo;{}&raquo;][et_pb_button button_url=&raquo;\/bestill-time\/ikke-eu-eos\/&raquo; button_text=&raquo;Ikke EU\/E\u00d8S&raquo; button_alignment=&raquo;left&raquo; module_class=&raquo;bestill-time-button&raquo; _builder_version=&raquo;4.27.4&#8243; _module_preset=&raquo;default&raquo; custom_button=&raquo;on&raquo; global_colors_info=&raquo;{}&raquo; button_text_color__hover_enabled=&raquo;on|hover&raquo; button_text_color__hover=&raquo;#000000&#8243;][\/et_pb_button][\/et_pb_column][\/et_pb_row][et_pb_row custom_padding_last_edited=&raquo;on|phone&raquo; disabled_on=&raquo;off|off|off&raquo; module_class=&raquo;artikkelside-column&raquo; _builder_version=&raquo;4.27.4&#8243; _module_preset=&raquo;default&raquo; width_tablet=&raquo;&raquo; width_phone=&raquo;100%&raquo; width_last_edited=&raquo;on|desktop&raquo; module_alignment=&raquo;center&raquo; custom_margin=&raquo;|||0px|false|false&raquo; custom_padding=&raquo;0px||0px|0px|false|false&raquo; custom_padding_tablet=&raquo;&raquo; custom_padding_phone=&raquo;0px|16px|0px|16px|false|false&raquo; hover_enabled=&raquo;0&#8243; global_colors_info=&raquo;{}&raquo; sticky_enabled=&raquo;0&#8243;][et_pb_column type=&raquo;4_4&#8243; _builder_version=&raquo;4.16&#8243; _module_preset=&raquo;default&raquo; global_colors_info=&raquo;{}&raquo;][et_pb_toggle title=&raquo;Usikker p\u00e5 hvilket statsborgerskap du skal velge?&raquo; icon_color=&raquo;#003059&#8243; toggle_icon=&raquo;&#x33;||divi||400&#8243; use_icon_font_size=&raquo;on&raquo; icon_font_size=&raquo;28px&raquo; open_icon_color=&raquo;#003059&#8243; open_toggle_icon=&raquo;&#x33;||divi||400&#8243; open_use_icon_font_size=&raquo;on&raquo; open_icon_font_size=&raquo;28px&raquo; module_class=&raquo;faktaboks-dropdown artikkelside-text custom-icon&raquo; _builder_version=&raquo;4.27.4&#8243; _module_preset=&raquo;default&raquo; title_level=&raquo;h3&#8243; title_font=&raquo;|700|||||||&raquo; title_font_size=&raquo;17px&raquo; body_text_color=&raquo;#2b2e34&#8243; background_color=&raquo;#ffffff&raquo; custom_padding=&raquo;||20px||false|false&raquo; hover_enabled=&raquo;0&#8243; global_colors_info=&raquo;{}&raquo; open_toggle_text_color__hover_enabled=&raquo;on|hover&raquo; open_toggle_text_color__hover=&raquo;#0D739C&raquo; title_text_color__hover_enabled=&raquo;on|hover&raquo; title_text_color__hover=&raquo;#0D739C&raquo; closed_toggle_text_color__hover_enabled=&raquo;on|hover&raquo; closed_toggle_text_color__hover=&raquo;#0D739C&raquo; sticky_enabled=&raquo;0&#8243;]<p><strong>Nordic\u0103<\/strong>: Suedia, Danemarca, Finlanda, Islanda, Groenlanda, Insulele Feroe \u0219i \u00c5land.<\/p>\n<p><strong>UE \/ SEE<\/strong>: Austria, Belgia, Bulgaria, Cipru, Croa\u021bia, Elve\u021bia, \nEstonia, Fran\u021ba, Germania, Grecia, Irlanda, Italia, \nLetonia, Liechtenstein, Lituania, Luxemburg, Malta, Olanda, Polonia, Portugalia, Republica Ceh\u0103, Rom\u00e2nia, Slovacia, Slovenia, Spania \u0219i Ungaria.<\/p>\n<p><strong>Din afara UE\/SEE<\/strong>: restul lumii, inclusiv Marea Britanie.<\/p>[\/et_pb_toggle][et_pb_code _builder_version=&raquo;4.16&#8243; _module_preset=&raquo;default&raquo; global_colors_info=&raquo;{}&raquo;]<style><!-- [et_pb_line_break_holder] -->  .custom-icon .et_pb_toggle_title:before {<!-- [et_pb_line_break_holder] -->    content: \"\\33\";<!-- [et_pb_line_break_holder] -->  \ttransition: all .3s ease-in-out;<!-- [et_pb_line_break_holder] -->  }<!-- [et_pb_line_break_holder] -->  .custom-icon.et_pb_toggle_open .et_pb_toggle_title:before {<!-- [et_pb_line_break_holder] -->   content: \"\\33\";<!-- [et_pb_line_break_holder] -->    transform: rotate(180deg)<!-- [et_pb_line_break_holder] -->  }<!-- [et_pb_line_break_holder] --><\/style>[\/et_pb_code][\/et_pb_column][\/et_pb_row][\/et_pb_section]","protected":false},"excerpt":{"rendered":"<p>Bestill time hos politiet eller Skatteetaten p\u00e5 SUAVelg statsborgerskap for \u00e5 bestille time:NordiskEU\/E\u00d8SIkke EU\/E\u00d8S<span><span><a href=\"https:\/\/www.beta.sua.no\/ro\/\">Prima pagin\u0103<\/a><\/span><\/span>Bestill time hos politiet eller Skatteetaten p\u00e5 SUAVelg statsborgerskap for \u00e5 bestille time:Nordisk: Sverige, Danmark, Finland, Island, Gr\u00f8nland, F\u00e6r\u00f8yene og \u00c5land. EU\/E\u00d8S: Belgia, Bulgaria, Estland, Frankrike, Hellas, Irland, Italia, Kroatia, Kypros, Latvia, Liechtenstein, Litauen, Luxembourg, Malta, Nederland, Polen, Portugal, Romania, Slovakia, Slovenia, [&hellip;]<\/p>","protected":false},"author":15,"featured_media":0,"parent":0,"menu_order":0,"comment_status":"closed","ping_status":"closed","template":"","meta":{"_et_pb_use_builder":"on","_et_pb_old_content":"","_et_gb_content_width":"","footnotes":""},"class_list":["post-313","page","type-page","status-publish","hentry"],"yoast_head":"<!-- This site is optimized with the Yoast SEO plugin v26.0 - https:\/\/yoast.com\/wordpress\/plugins\/seo\/ -->\n<title>Bestill time | SUA<\/title>\n<meta name=\"description\" content=\"Bestill time hos politiet eller Skatteetaten p\u00e5 SUA. Velg statsborgerskap for \u00e5 se hvilken dokumentasjon du m\u00e5 ha med deg til timen.\" \/>\n<meta name=\"robots\" content=\"noindex, follow, max-snippet:-1, max-image-preview:large, max-video-preview:-1\" \/>\n<meta property=\"og:locale\" content=\"ro_RO\" \/>\n<meta property=\"og:type\" content=\"article\" \/>\n<meta property=\"og:title\" content=\"Bestill time | SUA\" \/>\n<meta property=\"og:description\" content=\"Bestill time hos politiet eller Skatteetaten p\u00e5 SUA. Velg statsborgerskap for \u00e5 se hvilken dokumentasjon du m\u00e5 ha med deg til timen.\" \/>\n<meta property=\"og:url\" content=\"https:\/\/www.beta.sua.no\/ro\/faceti-o-programare\/\" \/>\n<meta property=\"og:site_name\" content=\"SUA\" \/>\n<meta property=\"article:modified_time\" content=\"2025-05-11T14:20:37+00:00\" \/>\n<meta property=\"og:image\" content=\"https:\/\/www.beta.sua.no\/wp-content\/uploads\/2025\/03\/Bilde-til-banner-forside-scaled.jpg\" \/>\n\t<meta property=\"og:image:width\" content=\"2560\" \/>\n\t<meta property=\"og:image:height\" content=\"1707\" \/>\n\t<meta property=\"og:image:type\" content=\"image\/jpeg\" \/>\n<meta name=\"twitter:card\" content=\"summary_large_image\" \/>\n<meta name=\"twitter:image\" content=\"https:\/\/www.beta.sua.no\/wp-content\/uploads\/2025\/03\/Bilde-til-banner-forside-scaled.jpg\" \/>\n<meta name=\"twitter:label1\" content=\"Timp estimat pentru citire\" \/>\n\t<meta name=\"twitter:data1\" content=\"1 minut\" \/>\n<script type=\"application\/ld+json\" class=\"yoast-schema-graph\">{\"@context\":\"https:\/\/schema.org\",\"@graph\":[{\"@type\":\"WebPage\",\"@id\":\"https:\/\/www.beta.sua.no\/bestill-time\/\",\"url\":\"https:\/\/www.beta.sua.no\/bestill-time\/\",\"name\":\"Bestill time | SUA\",\"isPartOf\":{\"@id\":\"https:\/\/www.beta.sua.no\/en\/#website\"},\"datePublished\":\"2020-10-15T11:08:15+00:00\",\"dateModified\":\"2025-05-11T14:20:37+00:00\",\"description\":\"Bestill time hos politiet eller Skatteetaten p\u00e5 SUA. Velg statsborgerskap for \u00e5 se hvilken dokumentasjon du m\u00e5 ha med deg til timen.\",\"breadcrumb\":{\"@id\":\"https:\/\/www.beta.sua.no\/bestill-time\/#breadcrumb\"},\"inLanguage\":\"ro-RO\",\"potentialAction\":[{\"@type\":\"ReadAction\",\"target\":[\"https:\/\/www.beta.sua.no\/bestill-time\/\"]}]},{\"@type\":\"BreadcrumbList\",\"@id\":\"https:\/\/www.beta.sua.no\/bestill-time\/#breadcrumb\",\"itemListElement\":[{\"@type\":\"ListItem\",\"position\":1,\"name\":\"Forside\",\"item\":\"https:\/\/www.beta.sua.no\/\"},{\"@type\":\"ListItem\",\"position\":2,\"name\":\"Bestill time\"}]},{\"@type\":\"WebSite\",\"@id\":\"https:\/\/www.beta.sua.no\/en\/#website\",\"url\":\"https:\/\/www.beta.sua.no\/en\/\",\"name\":\"SUA\",\"description\":\"Servicesenter for utenlandske arbeidstakere\",\"publisher\":{\"@id\":\"https:\/\/www.beta.sua.no\/en\/#organization\"},\"potentialAction\":[{\"@type\":\"SearchAction\",\"target\":{\"@type\":\"EntryPoint\",\"urlTemplate\":\"https:\/\/www.beta.sua.no\/en\/?s={search_term_string}\"},\"query-input\":{\"@type\":\"PropertyValueSpecification\",\"valueRequired\":true,\"valueName\":\"search_term_string\"}}],\"inLanguage\":\"ro-RO\"},{\"@type\":\"Organization\",\"@id\":\"https:\/\/www.beta.sua.no\/en\/#organization\",\"name\":\"Servicesenter for utenlandske arbeidstakere\",\"url\":\"https:\/\/www.beta.sua.no\/en\/\",\"logo\":{\"@type\":\"ImageObject\",\"inLanguage\":\"ro-RO\",\"@id\":\"https:\/\/www.beta.sua.no\/en\/#\/schema\/logo\/image\/\",\"url\":\"https:\/\/www.beta.sua.no\/wp-content\/uploads\/2021\/04\/SUA-logo-NO-uten-luft-1.png\",\"contentUrl\":\"https:\/\/www.beta.sua.no\/wp-content\/uploads\/2021\/04\/SUA-logo-NO-uten-luft-1.png\",\"width\":541,\"height\":119,\"caption\":\"Servicesenter for utenlandske arbeidstakere\"},\"image\":{\"@id\":\"https:\/\/www.beta.sua.no\/en\/#\/schema\/logo\/image\/\"}}]}<\/script>\n<!-- \/ Yoast SEO plugin. -->","yoast_head_json":{"title":"Face\u021bi programare | SUA","description":"Face\u021bi programare la Poli\u021bie sau la Agen\u021bia Na\u021bional\u0103 de Administrare Fiscal\u0103 \u00een cadrul SUA. Selecta\u021bi cet\u0103\u021benia pentru a vedea ce documente trebuie s\u0103 ave\u021bi cu dvs. la programare.","robots":{"index":"noindex","follow":"follow","max-snippet":"max-snippet:-1","max-image-preview":"max-image-preview:large","max-video-preview":"max-video-preview:-1"},"og_locale":"ro_RO","og_type":"article","og_title":"Bestill time | SUA","og_description":"Bestill time hos politiet eller Skatteetaten p\u00e5 SUA. Velg statsborgerskap for \u00e5 se hvilken dokumentasjon du m\u00e5 ha med deg til timen.","og_url":"https:\/\/www.beta.sua.no\/ro\/faceti-o-programare\/","og_site_name":"SUA","article_modified_time":"2025-05-11T14:20:37+00:00","og_image":[{"width":2560,"height":1707,"url":"https:\/\/www.beta.sua.no\/wp-content\/uploads\/2025\/03\/Bilde-til-banner-forside-scaled.jpg","type":"image\/jpeg"}],"twitter_card":"summary_large_image","twitter_image":"https:\/\/www.beta.sua.no\/wp-content\/uploads\/2025\/03\/Bilde-til-banner-forside-scaled.jpg","twitter_misc":{"Timp estimat pentru citire":"1 minut"},"schema":{"@context":"https:\/\/schema.org","@graph":[{"@type":"WebPage","@id":"https:\/\/www.beta.sua.no\/bestill-time\/","url":"https:\/\/www.beta.sua.no\/bestill-time\/","name":"Face\u021bi programare | SUA","isPartOf":{"@id":"https:\/\/www.beta.sua.no\/en\/#website"},"datePublished":"2020-10-15T11:08:15+00:00","dateModified":"2025-05-11T14:20:37+00:00","description":"Face\u021bi programare la Poli\u021bie sau la Agen\u021bia Na\u021bional\u0103 de Administrare Fiscal\u0103 \u00een cadrul SUA. Selecta\u021bi cet\u0103\u021benia pentru a vedea ce documente trebuie s\u0103 ave\u021bi cu dvs. la programare.","breadcrumb":{"@id":"https:\/\/www.beta.sua.no\/bestill-time\/#breadcrumb"},"inLanguage":"ro-RO","potentialAction":[{"@type":"ReadAction","target":["https:\/\/www.beta.sua.no\/bestill-time\/"]}]},{"@type":"BreadcrumbList","@id":"https:\/\/www.beta.sua.no\/bestill-time\/#breadcrumb","itemListElement":[{"@type":"ListItem","position":1,"name":"Forside","item":"https:\/\/www.beta.sua.no\/"},{"@type":"ListItem","position":2,"name":"Bestill time"}]},{"@type":"WebSite","@id":"https:\/\/www.beta.sua.no\/en\/#website","url":"https:\/\/www.beta.sua.no\/en\/","name":"SUA","description":"Servicesenter for utenlandske arbeidstakere","publisher":{"@id":"https:\/\/www.beta.sua.no\/en\/#organization"},"potentialAction":[{"@type":"SearchAction","target":{"@type":"EntryPoint","urlTemplate":"https:\/\/www.beta.sua.no\/en\/?s={search_term_string}"},"query-input":{"@type":"PropertyValueSpecification","valueRequired":true,"valueName":"search_term_string"}}],"inLanguage":"ro-RO"},{"@type":"Organization","@id":"https:\/\/www.beta.sua.no\/en\/#organization","name":"Servicesenter for utenlandske arbeidstakere","url":"https:\/\/www.beta.sua.no\/en\/","logo":{"@type":"ImageObject","inLanguage":"ro-RO","@id":"https:\/\/www.beta.sua.no\/en\/#\/schema\/logo\/image\/","url":"https:\/\/www.beta.sua.no\/wp-content\/uploads\/2021\/04\/SUA-logo-NO-uten-luft-1.png","contentUrl":"https:\/\/www.beta.sua.no\/wp-content\/uploads\/2021\/04\/SUA-logo-NO-uten-luft-1.png","width":541,"height":119,"caption":"Servicesenter for utenlandske arbeidstakere"},"image":{"@id":"https:\/\/www.beta.sua.no\/en\/#\/schema\/logo\/image\/"}}]}},"_links":{"self":[{"href":"https:\/\/www.beta.sua.no\/ro\/wp-json\/wp\/v2\/pages\/313","targetHints":{"allow":["GET"]}}],"collection":[{"href":"https:\/\/www.beta.sua.no\/ro\/wp-json\/wp\/v2\/pages"}],"about":[{"href":"https:\/\/www.beta.sua.no\/ro\/wp-json\/wp\/v2\/types\/page"}],"author":[{"embeddable":true,"href":"https:\/\/www.beta.sua.no\/ro\/wp-json\/wp\/v2\/users\/15"}],"replies":[{"embeddable":true,"href":"https:\/\/www.beta.sua.no\/ro\/wp-json\/wp\/v2\/comments?post=313"}],"version-history":[{"count":171,"href":"https:\/\/www.beta.sua.no\/ro\/wp-json\/wp\/v2\/pages\/313\/revisions"}],"predecessor-version":[{"id":7879,"href":"https:\/\/www.beta.sua.no\/ro\/wp-json\/wp\/v2\/pages\/313\/revisions\/7879"}],"wp:attachment":[{"href":"https:\/\/www.beta.sua.no\/ro\/wp-json\/wp\/v2\/media?parent=313"}],"curies":[{"name":"wp","href":"https:\/\/api.w.org\/{rel}","templated":true}]}}