{"id":2021,"date":"2021-03-05T14:57:37","date_gmt":"2021-03-05T14:57:37","guid":{"rendered":"https:\/\/www.beta.sua.no\/v2\/?page_id=2021"},"modified":"2025-05-30T08:30:34","modified_gmt":"2025-05-30T08:30:34","slug":"informasjonskapsler","status":"publish","type":"page","link":"https:\/\/www.beta.sua.no\/ro\/cookies\/","title":{"rendered":"Capsulele de informa\u021bii"},"content":{"rendered":"<p>[et_pb_section fb_built=&raquo;1&#8243; _builder_version=&raquo;4.16&#8243; _module_preset=&raquo;default&raquo; min_height=&raquo;650px&raquo; min_height_tablet=&raquo;&raquo; min_height_phone=&raquo;&raquo; min_height_last_edited=&raquo;on|desktop&raquo; global_colors_info=&raquo;{}&raquo;][et_pb_row custom_padding_last_edited=&raquo;on|desktop&raquo; module_class=&raquo;artikkelside-column&raquo; _builder_version=&raquo;4.27.4&#8243; _module_preset=&raquo;default&raquo; width=&raquo;100%&raquo; max_width=&raquo;550px&raquo; custom_margin=&raquo;|auto|2px|auto||&raquo; custom_padding_tablet=&raquo;|16px||16px|false|false&raquo; custom_padding_phone=&raquo;&raquo; global_colors_info=&raquo;{}&raquo;][et_pb_column type=&raquo;4_4&#8243; _builder_version=&raquo;4.16&#8243; _module_preset=&raquo;default&raquo; global_colors_info=&raquo;{}&raquo;][et_pb_text _builder_version=&raquo;4.27.4&#8243; _module_preset=&raquo;default&raquo; header_line_height=&raquo;1.2em&raquo; custom_margin=&raquo;||||false|false&raquo; custom_margin_tablet=&raquo;&raquo; custom_margin_phone=&raquo;||16px||false|false&raquo; custom_margin_last_edited=&raquo;on|phone&raquo; header_font_size_tablet=&raquo;&raquo; header_font_size_phone=&raquo;24px&raquo; header_font_size_last_edited=&raquo;on|phone&raquo; global_colors_info=&raquo;{}&raquo;]<\/p>\n<h1>Capsulele de informa\u021bii (cookie-uri) pe sua.no<\/h1>\n<p>[\/et_pb_text][et_pb_text module_class=&raquo;artikkelside-text&raquo; _builder_version=&raquo;4.27.4&#8243; _module_preset=&raquo;default&raquo; header_2_text_color=&raquo;#000000&#8243; header_2_font_size=&raquo;20px&raquo; header_2_line_height=&raquo;1.2em&raquo; custom_margin=&raquo;||0px||false|false&raquo; custom_padding=&raquo;||0px||false|false&raquo; header_2_font_size_tablet=&raquo;&raquo; header_2_font_size_phone=&raquo;18px&raquo; header_2_font_size_last_edited=&raquo;on|phone&raquo; locked=&raquo;off&raquo; global_colors_info=&raquo;{}&raquo;]<\/p>\n<h2>Cookie-urile sunt mici fi\u0219iere text pe care pagina de internet (site-ul) le stocheaz\u0103 pe computerul \/ dispozitivul utilizatorului.<\/h2>\n<p>[\/et_pb_text][et_pb_text module_class=&raquo;artikkelside-text&raquo; _builder_version=&raquo;4.27.4&#8243; _module_preset=&raquo;default&raquo; text_line_height=&raquo;1.5em&raquo; header_3_font=&raquo;|700|||||||&raquo; header_3_font_size=&raquo;20px&raquo; header_3_line_height=&raquo;1.2em&raquo; custom_padding=&raquo;12px||12px||false|false&raquo; global_colors_info=&raquo;{}&raquo;]<\/p>\n<p>Fi\u0219ierele pot fi citite doar de c\u0103tre utilizator \u0219i SUA. Cookie-urile sunt utilizate, de exemplu, pentru a vedea dac\u0103 utilizatorul a mai vizitat site-ul anterior, ora vizitei \u0219i de la ce site a venit utilizatorul. Cookie-urile pot con\u021bine informa\u021bii personale. Pute\u021bi \u00eempiedica salvarea cookie-urilor modific\u00e2nd set\u0103rile browserului.<\/p>\n<p>SUA utilizeaz\u0103 cookie-uri pentru a analiza tiparul general de utilizator. Scopul analizei este, printre altele, dezvoltarea \u00een continuare a site-ul sua.no pentru a \u00eembun\u0103t\u0103\u021bi experien\u021ba online a utilizatorului.<\/p>\n<p>Prin acceptarea utiliz\u0103rii cookie-urilor, sunte\u021bi deacord ca SUA s\u0103 poat\u0103 compila informa\u021bii despre utilizarea serviciilor sale cu date din alte surse \u00een scopurile men\u021bionate mai sus.<\/p>\n<p>[\/et_pb_text][\/et_pb_column][\/et_pb_row][et_pb_row module_class=&raquo;artikkelside-column&raquo; _builder_version=&raquo;4.27.4&#8243; _module_preset=&raquo;default&raquo; global_colors_info=&raquo;{}&raquo;][et_pb_column type=&raquo;4_4&#8243; _builder_version=&raquo;4.27.4&#8243; _module_preset=&raquo;default&raquo; global_colors_info=&raquo;{}&raquo;][et_pb_text module_class=&raquo;artikkelside-text&raquo; _builder_version=&raquo;4.27.4&#8243; _module_preset=&raquo;default&raquo; global_colors_info=&raquo;{}&raquo;]<\/p>\n<h2>Informasjon om informasjonskapsler<\/h2>\n<p>Nedenfor finner du en oversikt over informasjonskapslene som brukes p\u00e5 dette nettstedet, hva de brukes til, og hvor lenge de lagres i nettleseren din.<\/p>\n<p>[\/et_pb_text][et_pb_code _builder_version=&raquo;4.27.4&#8243; _module_preset=&raquo;default&raquo; hover_enabled=&raquo;0&#8243; global_colors_info=&raquo;{}&raquo; sticky_enabled=&raquo;0&#8243;]<\/p>\n<div class=\"table-wrapper\"><!-- [et_pb_line_break_holder] -->  <\/p>\n<table><!-- [et_pb_line_break_holder] -->    <\/p>\n<thead><!-- [et_pb_line_break_holder] -->      <\/p>\n<tr><!-- [et_pb_line_break_holder] -->        <\/p>\n<th>Navn<\/th>\n<p><!-- [et_pb_line_break_holder] -->        <\/p>\n<th>Type<\/th>\n<p><!-- [et_pb_line_break_holder] -->        <\/p>\n<th>Form\u00e5l<\/th>\n<p><!-- [et_pb_line_break_holder] -->        <\/p>\n<th>Varighet<\/th>\n<p><!-- [et_pb_line_break_holder] -->      <\/tr>\n<p><!-- [et_pb_line_break_holder] -->    <\/thead>\n<p><!-- [et_pb_line_break_holder] -->    <body><!-- [et_pb_line_break_holder] -->\t<\/p>\n<tr><!-- [et_pb_line_break_holder] -->    <\/p>\n<td>cmplz_functional<\/td>\n<p><!-- [et_pb_line_break_holder] -->    <\/p>\n<td>N\u00f8dvendig<\/td>\n<p><!-- [et_pb_line_break_holder] -->    <\/p>\n<td>Lagre innstillinger for cookie samtykker.<\/td>\n<p><!-- [et_pb_line_break_holder] -->    <\/p>\n<td>1 \u00e5r<\/td>\n<p><!-- [et_pb_line_break_holder] -->  <\/tr>\n<p><!-- [et_pb_line_break_holder] -->  <\/p>\n<tr><!-- [et_pb_line_break_holder] -->    <\/p>\n<td>cmplz_statistics<\/td>\n<p><!-- [et_pb_line_break_holder] -->    <\/p>\n<td>N\u00f8dvendig<\/td>\n<p><!-- [et_pb_line_break_holder] -->    <\/p>\n<td>Lagre innstillinger for cookie samtykker.<\/td>\n<p><!-- [et_pb_line_break_holder] -->    <\/p>\n<td>1 \u00e5r<\/td>\n<p><!-- [et_pb_line_break_holder] -->  <\/tr>\n<p><!-- [et_pb_line_break_holder] -->  <\/p>\n<tr><!-- [et_pb_line_break_holder] -->    <\/p>\n<td>cmplz_preferences<\/td>\n<p><!-- [et_pb_line_break_holder] -->    <\/p>\n<td>N\u00f8dvendig<\/td>\n<p><!-- [et_pb_line_break_holder] -->    <\/p>\n<td>Lagre innstillinger for cookie samtykker.<\/td>\n<p><!-- [et_pb_line_break_holder] -->    <\/p>\n<td>1 \u00e5r<\/td>\n<p><!-- [et_pb_line_break_holder] -->  <\/tr>\n<p><!-- [et_pb_line_break_holder] -->   <\/p>\n<tr><!-- [et_pb_line_break_holder] -->      <\/p>\n<td>cmplz_marketing<\/td>\n<p><!-- [et_pb_line_break_holder] -->      <\/p>\n<td>N\u00f8dvendig<\/td>\n<p><!-- [et_pb_line_break_holder] -->      <\/p>\n<td>Lagre innstillinger for cookie samtykker.<\/td>\n<p><!-- [et_pb_line_break_holder] -->      <\/p>\n<td>1 \u00e5r<\/td>\n<p><!-- [et_pb_line_break_holder] -->  <\/tr>\n<p> <!-- [et_pb_line_break_holder] -->      <\/p>\n<tr><!-- [et_pb_line_break_holder] -->    <\/p>\n<td>_ga<\/td>\n<p><!-- [et_pb_line_break_holder] -->    <\/p>\n<td>Statistikk<\/td>\n<p><!-- [et_pb_line_break_holder] -->    <\/p>\n<td>Google Analytics setter denne informasjonskapselen for \u00e5 beregne bes\u00f8kende, \u00f8kter og kampanjedata og spore bruken av nettstedet for nettstedets analyserapport. Informasjonen lagres anonymt og tildeles et tilfeldig generert nummer for \u00e5 gjenkjenne unike bes\u00f8kende.<\/td>\n<p><!-- [et_pb_line_break_holder] -->    <\/p>\n<td>2 \u00e5r<\/td>\n<p><!-- [et_pb_line_break_holder] -->  <\/tr>\n<p><!-- [et_pb_line_break_holder] -->  <\/p>\n<tr><!-- [et_pb_line_break_holder] -->    <\/p>\n<td>_gid<\/td>\n<p><!-- [et_pb_line_break_holder] -->    <\/p>\n<td>Statistikk<\/td>\n<p><!-- [et_pb_line_break_holder] -->    <\/p>\n<td>Google Analytics setter denne informasjonskapselen for \u00e5 lagre informasjon om hvordan bes\u00f8kende bruker nettstedet, samtidig som det genereres en analyserapport om nettstedets ytelse. Noe av den innsamlede informasjonen inkluderer antall bes\u00f8kende, hvor de kommer fra og hvilke sider de bes\u00f8ker \u2013 anonymt.<\/td>\n<p><!-- [et_pb_line_break_holder] -->    <\/p>\n<td>1 dag<\/td>\n<p><!-- [et_pb_line_break_holder] -->  <\/tr>\n<p><!-- [et_pb_line_break_holder] -->  <\/p>\n<tr><!-- [et_pb_line_break_holder] -->    <\/p>\n<td>_gat_gtag_UA_*<\/td>\n<p><!-- [et_pb_line_break_holder] -->    <\/p>\n<td>Statistikk<\/td>\n<p><!-- [et_pb_line_break_holder] -->    <\/p>\n<td>Google Analytics setter denne informasjonskapselen for \u00e5 lagre en unik bruker-ID.<\/td>\n<p><!-- [et_pb_line_break_holder] -->    <\/p>\n<td>1 minutt<\/td>\n<p><!-- [et_pb_line_break_holder] -->  <\/tr>\n<p><!-- [et_pb_line_break_holder] -->  <\/p>\n<tr><!-- [et_pb_line_break_holder] -->    <\/p>\n<td>_ga_*<\/td>\n<p><!-- [et_pb_line_break_holder] -->    <\/p>\n<td>Statistikk<\/td>\n<p><!-- [et_pb_line_break_holder] -->    <\/p>\n<td>Google Analytics setter denne informasjonskapselen for \u00e5 lagre og telle sidevisninger.<\/td>\n<p><!-- [et_pb_line_break_holder] -->    <\/p>\n<td>1 \u00e5r<\/td>\n<p><!-- [et_pb_line_break_holder] -->  <\/tr>\n<p><!-- [et_pb_line_break_holder] -->    <\/body><!-- [et_pb_line_break_holder] -->  <\/table>\n<p><!-- [et_pb_line_break_holder] --><\/div>\n<p>[\/et_pb_code][\/et_pb_column][\/et_pb_row][\/et_pb_section]<\/p>","protected":false},"excerpt":{"rendered":"<p>Informasjonskapsler p\u00e5 sua.noInformasjonskapsler er sm\u00e5 tekstfiler som nettstedet lagrer p\u00e5 brukerens datamaskin\/enhet.Filene kan kun leses av brukeren og SUA. Informasjonskapsler benyttes eksempelvis for \u00e5 se om brukeren har bes\u00f8kt nettstedet tidligere, tidspunktet for bes\u00f8ket og hvilket nettsted brukeren kom fra. Informasjonskapslene kan inneholde personopplysninger. Du kan hindre at informasjonskapsler lagres ved \u00e5 endre innstillingene i [&hellip;]<\/p>","protected":false},"author":3,"featured_media":0,"parent":0,"menu_order":0,"comment_status":"closed","ping_status":"closed","template":"","meta":{"_et_pb_use_builder":"on","_et_pb_old_content":"","_et_gb_content_width":"","footnotes":""},"class_list":["post-2021","page","type-page","status-publish","hentry"],"yoast_head":"<!-- This site is optimized with the Yoast SEO plugin v26.0 - https:\/\/yoast.com\/wordpress\/plugins\/seo\/ -->\n<title>Informasjonskapsler | SUA<\/title>\n<meta name=\"description\" content=\"Informasjonskapsler er sm\u00e5 tekstfiler som nettstedet lagrer p\u00e5 brukerens enhet. SUA bruker disse for \u00e5 gi deg en bedre brukeropplevelse.\" \/>\n<meta name=\"robots\" content=\"noindex, follow, max-snippet:-1, max-image-preview:large, max-video-preview:-1\" \/>\n<meta property=\"og:locale\" content=\"ro_RO\" \/>\n<meta property=\"og:type\" content=\"article\" \/>\n<meta property=\"og:title\" content=\"Informasjonskapsler | SUA\" \/>\n<meta property=\"og:description\" content=\"Informasjonskapsler er sm\u00e5 tekstfiler som nettstedet lagrer p\u00e5 brukerens enhet. SUA bruker disse for \u00e5 gi deg en bedre brukeropplevelse.\" \/>\n<meta property=\"og:url\" content=\"https:\/\/www.beta.sua.no\/ro\/cookies\/\" \/>\n<meta property=\"og:site_name\" content=\"SUA\" \/>\n<meta property=\"article:modified_time\" content=\"2025-05-30T08:30:34+00:00\" \/>\n<meta property=\"og:image\" content=\"https:\/\/www.beta.sua.no\/wp-content\/uploads\/2025\/03\/Bilde-til-banner-forside-scaled.jpg\" \/>\n\t<meta property=\"og:image:width\" content=\"2560\" \/>\n\t<meta property=\"og:image:height\" content=\"1707\" \/>\n\t<meta property=\"og:image:type\" content=\"image\/jpeg\" \/>\n<meta name=\"twitter:card\" content=\"summary_large_image\" \/>\n<meta name=\"twitter:image\" content=\"https:\/\/www.beta.sua.no\/wp-content\/uploads\/2025\/03\/Bilde-til-banner-forside-scaled.jpg\" \/>\n<meta name=\"twitter:label1\" content=\"Timp estimat pentru citire\" \/>\n\t<meta name=\"twitter:data1\" content=\"2 minute\" \/>\n<script type=\"application\/ld+json\" class=\"yoast-schema-graph\">{\"@context\":\"https:\/\/schema.org\",\"@graph\":[{\"@type\":\"WebPage\",\"@id\":\"https:\/\/www.beta.sua.no\/informasjonskapsler\/\",\"url\":\"https:\/\/www.beta.sua.no\/informasjonskapsler\/\",\"name\":\"Informasjonskapsler | SUA\",\"isPartOf\":{\"@id\":\"https:\/\/www.beta.sua.no\/en\/#website\"},\"datePublished\":\"2021-03-05T14:57:37+00:00\",\"dateModified\":\"2025-05-30T08:30:34+00:00\",\"description\":\"Informasjonskapsler er sm\u00e5 tekstfiler som nettstedet lagrer p\u00e5 brukerens enhet. SUA bruker disse for \u00e5 gi deg en bedre brukeropplevelse.\",\"breadcrumb\":{\"@id\":\"https:\/\/www.beta.sua.no\/informasjonskapsler\/#breadcrumb\"},\"inLanguage\":\"ro-RO\",\"potentialAction\":[{\"@type\":\"ReadAction\",\"target\":[\"https:\/\/www.beta.sua.no\/informasjonskapsler\/\"]}]},{\"@type\":\"BreadcrumbList\",\"@id\":\"https:\/\/www.beta.sua.no\/informasjonskapsler\/#breadcrumb\",\"itemListElement\":[{\"@type\":\"ListItem\",\"position\":1,\"name\":\"Forside\",\"item\":\"https:\/\/www.beta.sua.no\/\"},{\"@type\":\"ListItem\",\"position\":2,\"name\":\"Informasjonskapsler\"}]},{\"@type\":\"WebSite\",\"@id\":\"https:\/\/www.beta.sua.no\/en\/#website\",\"url\":\"https:\/\/www.beta.sua.no\/en\/\",\"name\":\"SUA\",\"description\":\"Servicesenter for utenlandske arbeidstakere\",\"publisher\":{\"@id\":\"https:\/\/www.beta.sua.no\/en\/#organization\"},\"potentialAction\":[{\"@type\":\"SearchAction\",\"target\":{\"@type\":\"EntryPoint\",\"urlTemplate\":\"https:\/\/www.beta.sua.no\/en\/?s={search_term_string}\"},\"query-input\":{\"@type\":\"PropertyValueSpecification\",\"valueRequired\":true,\"valueName\":\"search_term_string\"}}],\"inLanguage\":\"ro-RO\"},{\"@type\":\"Organization\",\"@id\":\"https:\/\/www.beta.sua.no\/en\/#organization\",\"name\":\"Servicesenter for utenlandske arbeidstakere\",\"url\":\"https:\/\/www.beta.sua.no\/en\/\",\"logo\":{\"@type\":\"ImageObject\",\"inLanguage\":\"ro-RO\",\"@id\":\"https:\/\/www.beta.sua.no\/en\/#\/schema\/logo\/image\/\",\"url\":\"https:\/\/www.beta.sua.no\/wp-content\/uploads\/2021\/04\/SUA-logo-NO-uten-luft-1.png\",\"contentUrl\":\"https:\/\/www.beta.sua.no\/wp-content\/uploads\/2021\/04\/SUA-logo-NO-uten-luft-1.png\",\"width\":541,\"height\":119,\"caption\":\"Servicesenter for utenlandske arbeidstakere\"},\"image\":{\"@id\":\"https:\/\/www.beta.sua.no\/en\/#\/schema\/logo\/image\/\"}}]}<\/script>\n<!-- \/ Yoast SEO plugin. -->","yoast_head_json":{"title":"Capsulele de informa\u021bii | SUA","description":"Capsulele de informa\u021bii (Cookie-urile) sunt mici fi\u0219iere text pe care pagina de internet (site-ul) le stocheaz\u0103 pe dispozitivul utilizatorului. SUA folose\u0219te cookie-uri pentru \u00eembun\u0103t\u0103\u021bii experien\u021ba online a utilizatorului.","robots":{"index":"noindex","follow":"follow","max-snippet":"max-snippet:-1","max-image-preview":"max-image-preview:large","max-video-preview":"max-video-preview:-1"},"og_locale":"ro_RO","og_type":"article","og_title":"Informasjonskapsler | SUA","og_description":"Informasjonskapsler er sm\u00e5 tekstfiler som nettstedet lagrer p\u00e5 brukerens enhet. SUA bruker disse for \u00e5 gi deg en bedre brukeropplevelse.","og_url":"https:\/\/www.beta.sua.no\/ro\/cookies\/","og_site_name":"SUA","article_modified_time":"2025-05-30T08:30:34+00:00","og_image":[{"width":2560,"height":1707,"url":"https:\/\/www.beta.sua.no\/wp-content\/uploads\/2025\/03\/Bilde-til-banner-forside-scaled.jpg","type":"image\/jpeg"}],"twitter_card":"summary_large_image","twitter_image":"https:\/\/www.beta.sua.no\/wp-content\/uploads\/2025\/03\/Bilde-til-banner-forside-scaled.jpg","twitter_misc":{"Timp estimat pentru citire":"2 minute"},"schema":{"@context":"https:\/\/schema.org","@graph":[{"@type":"WebPage","@id":"https:\/\/www.beta.sua.no\/informasjonskapsler\/","url":"https:\/\/www.beta.sua.no\/informasjonskapsler\/","name":"Capsulele de informa\u021bii | SUA","isPartOf":{"@id":"https:\/\/www.beta.sua.no\/en\/#website"},"datePublished":"2021-03-05T14:57:37+00:00","dateModified":"2025-05-30T08:30:34+00:00","description":"Capsulele de informa\u021bii (Cookie-urile) sunt mici fi\u0219iere text pe care pagina de internet (site-ul) le stocheaz\u0103 pe dispozitivul utilizatorului. SUA folose\u0219te cookie-uri pentru \u00eembun\u0103t\u0103\u021bii experien\u021ba online a utilizatorului.","breadcrumb":{"@id":"https:\/\/www.beta.sua.no\/informasjonskapsler\/#breadcrumb"},"inLanguage":"ro-RO","potentialAction":[{"@type":"ReadAction","target":["https:\/\/www.beta.sua.no\/informasjonskapsler\/"]}]},{"@type":"BreadcrumbList","@id":"https:\/\/www.beta.sua.no\/informasjonskapsler\/#breadcrumb","itemListElement":[{"@type":"ListItem","position":1,"name":"Forside","item":"https:\/\/www.beta.sua.no\/"},{"@type":"ListItem","position":2,"name":"Informasjonskapsler"}]},{"@type":"WebSite","@id":"https:\/\/www.beta.sua.no\/en\/#website","url":"https:\/\/www.beta.sua.no\/en\/","name":"SUA","description":"Servicesenter for utenlandske arbeidstakere","publisher":{"@id":"https:\/\/www.beta.sua.no\/en\/#organization"},"potentialAction":[{"@type":"SearchAction","target":{"@type":"EntryPoint","urlTemplate":"https:\/\/www.beta.sua.no\/en\/?s={search_term_string}"},"query-input":{"@type":"PropertyValueSpecification","valueRequired":true,"valueName":"search_term_string"}}],"inLanguage":"ro-RO"},{"@type":"Organization","@id":"https:\/\/www.beta.sua.no\/en\/#organization","name":"Servicesenter for utenlandske arbeidstakere","url":"https:\/\/www.beta.sua.no\/en\/","logo":{"@type":"ImageObject","inLanguage":"ro-RO","@id":"https:\/\/www.beta.sua.no\/en\/#\/schema\/logo\/image\/","url":"https:\/\/www.beta.sua.no\/wp-content\/uploads\/2021\/04\/SUA-logo-NO-uten-luft-1.png","contentUrl":"https:\/\/www.beta.sua.no\/wp-content\/uploads\/2021\/04\/SUA-logo-NO-uten-luft-1.png","width":541,"height":119,"caption":"Servicesenter for utenlandske arbeidstakere"},"image":{"@id":"https:\/\/www.beta.sua.no\/en\/#\/schema\/logo\/image\/"}}]}},"_links":{"self":[{"href":"https:\/\/www.beta.sua.no\/ro\/wp-json\/wp\/v2\/pages\/2021","targetHints":{"allow":["GET"]}}],"collection":[{"href":"https:\/\/www.beta.sua.no\/ro\/wp-json\/wp\/v2\/pages"}],"about":[{"href":"https:\/\/www.beta.sua.no\/ro\/wp-json\/wp\/v2\/types\/page"}],"author":[{"embeddable":true,"href":"https:\/\/www.beta.sua.no\/ro\/wp-json\/wp\/v2\/users\/3"}],"replies":[{"embeddable":true,"href":"https:\/\/www.beta.sua.no\/ro\/wp-json\/wp\/v2\/comments?post=2021"}],"version-history":[{"count":21,"href":"https:\/\/www.beta.sua.no\/ro\/wp-json\/wp\/v2\/pages\/2021\/revisions"}],"predecessor-version":[{"id":8056,"href":"https:\/\/www.beta.sua.no\/ro\/wp-json\/wp\/v2\/pages\/2021\/revisions\/8056"}],"wp:attachment":[{"href":"https:\/\/www.beta.sua.no\/ro\/wp-json\/wp\/v2\/media?parent=2021"}],"curies":[{"name":"wp","href":"https:\/\/api.w.org\/{rel}","templated":true}]}}