{"id":991,"date":"2021-02-04T11:41:55","date_gmt":"2021-02-04T11:41:55","guid":{"rendered":"https:\/\/www.beta.sua.no\/v2\/?page_id=991"},"modified":"2025-05-11T14:20:54","modified_gmt":"2025-05-11T14:20:54","slug":"eu-eos","status":"publish","type":"page","link":"https:\/\/www.beta.sua.no\/en\/book-appointment\/eu-eea\/","title":{"rendered":"EU\/EEA"},"content":{"rendered":"[et_pb_section fb_built=&raquo;1&#8243; custom_padding_last_edited=&raquo;on|phone&raquo; disabled_on=&raquo;off|off|off&raquo; _builder_version=&raquo;4.16&#8243; _module_preset=&raquo;default&raquo; custom_padding=&raquo;||||false|false&raquo; custom_padding_tablet=&raquo;0px||||false|false&raquo; custom_padding_phone=&raquo;&raquo; locked=&raquo;off&raquo; global_colors_info=&raquo;{}&raquo;][et_pb_row custom_padding_last_edited=&raquo;on|phone&raquo; module_class=&raquo;artikkelside-column&raquo; _builder_version=&raquo;4.27.4&#8243; _module_preset=&raquo;default&raquo; width_tablet=&raquo;&raquo; width_phone=&raquo;100%&raquo; width_last_edited=&raquo;on|phone&raquo; max_width=&raquo;550px&raquo; custom_padding_tablet=&raquo;&raquo; custom_padding_phone=&raquo;|16px||16px|false|false&raquo; global_colors_info=&raquo;{}&raquo;][et_pb_column type=&raquo;4_4&#8243; _builder_version=&raquo;4.16&#8243; _module_preset=&raquo;default&raquo; global_colors_info=&raquo;{}&raquo;][et_pb_code _builder_version=&raquo;4.27.4&#8243; _module_preset=&raquo;default&raquo; global_colors_info=&raquo;{}&raquo;]<nav aria-label=\"br\u00f8dsmulesti\"><span><span><a href=\"https:\/\/www.beta.sua.no\/en\/\">Home page<\/a><\/span><\/span><\/nav>[\/et_pb_code][et_pb_text _builder_version=&raquo;4.16&#8243; _module_preset=&raquo;default&raquo; header_line_height=&raquo;1.2em&raquo; custom_margin=&raquo;||||false|false&raquo; custom_margin_tablet=&raquo;&raquo; custom_margin_phone=&raquo;||||false|false&raquo; custom_margin_last_edited=&raquo;on|phone&raquo; hover_enabled=&raquo;0&#8243; header_font_size_tablet=&raquo;&raquo; header_font_size_phone=&raquo;24px&raquo; header_font_size_last_edited=&raquo;on|phone&raquo; global_colors_info=&raquo;{}&raquo; sticky_enabled=&raquo;0&#8243;]<h1><strong>Book an appointment with the police or the Tax Administration at SUA<\/strong><\/h1>[\/et_pb_text][\/et_pb_column][\/et_pb_row][et_pb_row column_structure=&raquo;1_3,1_3,1_3&#8243; custom_padding_last_edited=&raquo;on|phone&raquo; disabled_on=&raquo;on|on|on&raquo; _builder_version=&raquo;4.16&#8243; _module_preset=&raquo;default&raquo; width_tablet=&raquo;&raquo; width_phone=&raquo;100%&raquo; width_last_edited=&raquo;on|phone&raquo; custom_padding=&raquo;73px||||false|false&raquo; custom_padding_tablet=&raquo;&raquo; custom_padding_phone=&raquo;51px|16px||16px|false|false&raquo; disabled=&raquo;on&raquo; locked=&raquo;off&raquo; global_colors_info=&raquo;{}&raquo;][et_pb_column type=&raquo;1_3&#8243; _builder_version=&raquo;4.16&#8243; _module_preset=&raquo;default&raquo; global_colors_info=&raquo;{}&raquo;][et_pb_text _builder_version=&raquo;4.27.4&#8243; _dynamic_attributes=&raquo;link_option_url&raquo; _module_preset=&raquo;default&raquo; text_text_color=&raquo;#ffffff&raquo; text_font_size=&raquo;20px&raquo; link_font=&raquo;||||on|||rgba(0,0,0,0)|&raquo; link_text_color=&raquo;#ffffff&raquo; background_color=&raquo;#0D739C&raquo; text_orientation=&raquo;center&raquo; custom_padding=&raquo;20px|4px|20px|4px|false|false&raquo; link_option_url=&raquo;@ET-DC@eyJkeW5hbWljIjp0cnVlLCJjb250ZW50IjoicG9zdF9saW5rX3VybF9wYWdlIiwic2V0dGluZ3MiOnsicG9zdF9pZCI6IjEwNDMifX0=@&raquo; border_radii=&raquo;on|10px|10px|10px|10px&raquo; global_colors_info=&raquo;{}&raquo; custom_css_main_element__hover_enabled=&raquo;on|hover&raquo; background_color__hover=&raquo;#114462&#8243; background_enable_color__hover=&raquo;on&raquo; background__hover_enabled=&raquo;on|hover&raquo;]<p><a href=\"https:\/\/www.beta.sua.no\/en\/book-appointment\/nordic\/\" role=\"button\">Nordic<\/a><\/p>[\/et_pb_text][\/et_pb_column][et_pb_column type=&raquo;1_3&#8243; _builder_version=&raquo;4.16&#8243; _module_preset=&raquo;default&raquo; global_colors_info=&raquo;{}&raquo;][et_pb_text _builder_version=&raquo;4.27.4&#8243; _dynamic_attributes=&raquo;link_option_url&raquo; _module_preset=&raquo;default&raquo; text_font=&raquo;||||on||||&raquo; text_text_color=&raquo;#ffffff&raquo; text_font_size=&raquo;20px&raquo; link_text_color=&raquo;#ffffff&raquo; background_color=&raquo;#114462&#8243; text_orientation=&raquo;center&raquo; custom_padding=&raquo;20px|4px|20px|4px|false|false&raquo; link_option_url=&raquo;@ET-DC@eyJkeW5hbWljIjp0cnVlLCJjb250ZW50IjoicG9zdF9saW5rX3VybF9wYWdlIiwic2V0dGluZ3MiOnsicG9zdF9pZCI6Ijk5MSJ9fQ==@&raquo; border_radii=&raquo;on|10px|10px|10px|10px&raquo; global_colors_info=&raquo;{}&raquo; custom_css_main_element__hover_enabled=&raquo;on|desktop&raquo; background_color__hover=&raquo;#114462&#8243; background_enable_color__hover=&raquo;on&raquo; background__hover_enabled=&raquo;on|hover&raquo;]<p><a href=\"https:\/\/www.beta.sua.no\/en\/book-appointment\/eu-eea\/\" role=\"button\">EU\/EEA<\/a><\/p>[\/et_pb_text][\/et_pb_column][et_pb_column type=&raquo;1_3&#8243; _builder_version=&raquo;4.16&#8243; _module_preset=&raquo;default&raquo; global_colors_info=&raquo;{}&raquo;][et_pb_text _builder_version=&raquo;4.16&#8243; _dynamic_attributes=&raquo;link_option_url&raquo; _module_preset=&raquo;default&raquo; text_text_color=&raquo;#ffffff&raquo; text_font_size=&raquo;20px&raquo; link_font=&raquo;||||on|||rgba(0,0,0,0)|&raquo; link_text_color=&raquo;#ffffff&raquo; background_color=&raquo;#0D739C&raquo; text_orientation=&raquo;center&raquo; custom_padding=&raquo;20px|4px|20px|4px|false|false&raquo; link_option_url=&raquo;@ET-DC@eyJkeW5hbWljIjp0cnVlLCJjb250ZW50IjoicG9zdF9saW5rX3VybF9wYWdlIiwic2V0dGluZ3MiOnsicG9zdF9pZCI6Ijk3OSJ9fQ==@&raquo; border_radii=&raquo;on|10px|10px|10px|10px&raquo; global_colors_info=&raquo;{}&raquo; custom_css_main_element__hover_enabled=&raquo;on|hover&raquo; background_color__hover=&raquo;#114462&#8243; background_enable_color__hover=&raquo;on&raquo; background__hover_enabled=&raquo;on|hover&raquo;]<p><a href=\"https:\/\/www.beta.sua.no\/en\/book-appointment\/non-eu-eea\/\" role=\"button\">Non-EU\/EEA<\/a><\/p>[\/et_pb_text][\/et_pb_column][\/et_pb_row][\/et_pb_section][et_pb_section fb_built=&raquo;1&#8243; custom_padding_last_edited=&raquo;on|phone&raquo; _builder_version=&raquo;4.16&#8243; _module_preset=&raquo;default&raquo; custom_padding=&raquo;||||false|false&raquo; custom_padding_tablet=&raquo;0px||||false|false&raquo; custom_padding_phone=&raquo;&raquo; global_colors_info=&raquo;{}&raquo;][et_pb_row custom_padding_last_edited=&raquo;on|phone&raquo; module_class=&raquo;artikkelside-column&raquo; _builder_version=&raquo;4.27.4&#8243; _module_preset=&raquo;default&raquo; width_tablet=&raquo;&raquo; width_phone=&raquo;100%&raquo; width_last_edited=&raquo;on|phone&raquo; max_width=&raquo;550px&raquo; custom_padding=&raquo;0px||0px||false|false&raquo; custom_padding_tablet=&raquo;&raquo; custom_padding_phone=&raquo;0px|16px|0px|16px|false|false&raquo; global_colors_info=&raquo;{}&raquo;][et_pb_column type=&raquo;4_4&#8243; _builder_version=&raquo;4.27.0&#8243; _module_preset=&raquo;default&raquo; global_colors_info=&raquo;{}&raquo;][et_pb_text module_class=&raquo;veiviser-innhold&raquo; _builder_version=&raquo;4.27.4&#8243; _module_preset=&raquo;default&raquo; text_line_height=&raquo;1.5em&raquo; header_2_font_size=&raquo;24px&raquo; custom_margin_tablet=&raquo;&raquo; custom_margin_phone=&raquo;12px||12px||false|false&raquo; custom_margin_last_edited=&raquo;on|phone&raquo; custom_padding=&raquo;||0px|||&raquo; hover_enabled=&raquo;0&#8243; header_2_font_size_tablet=&raquo;&raquo; header_2_font_size_phone=&raquo;20px&raquo; header_2_font_size_last_edited=&raquo;on|phone&raquo; locked=&raquo;off&raquo; global_colors_info=&raquo;{}&raquo; sticky_enabled=&raquo;0&#8243;]<h2>The police at SUA<\/h2>[\/et_pb_text][et_pb_toggle title=&raquo;Du m\u00e5 f\u00e5 registreringsbevis hvis du skal v\u00e6re i Norge over 3 m\u00e5neder&raquo; icon_color=&raquo;#114462&#8243; toggle_icon=&raquo;&#x33;||divi||400&#8243; use_icon_font_size=&raquo;on&raquo; icon_font_size=&raquo;28px&raquo; open_icon_color=&raquo;#114462&#8243; open_toggle_icon=&raquo;&#x32;||divi||400&#8243; open_use_icon_font_size=&raquo;on&raquo; open_icon_font_size=&raquo;28px&raquo; module_class=&raquo;custom-icon artikkelside-text faktaboks-dropdown&raquo; _builder_version=&raquo;4.27.4&#8243; _module_preset=&raquo;default&raquo; title_level=&raquo;h3&#8243; title_font=&raquo;|700|||||||&raquo; body_text_color=&raquo;#2b2e34&#8243; background_color=&raquo;#ffffff&raquo; custom_padding=&raquo;||20px||false|false&raquo; global_colors_info=&raquo;{}&raquo; open_toggle_text_color__hover=&raquo;#0D739C&raquo; open_toggle_text_color__hover_enabled=&raquo;on|hover&raquo; closed_toggle_text_color__hover=&raquo;#0D739C&raquo; closed_toggle_text_color__hover_enabled=&raquo;on|hover&raquo; title_text_color__hover=&raquo;#0D739C&raquo; title_text_color__hover_enabled=&raquo;on|hover&raquo;]<p>To get a registration certificate, you must register and book an appointment with the police.<\/p>\n<p>If necessary, you'll be able to go straight to the Tax Administration counter after your appointment with the police. You do not have to book a separate appointment with the Tax Administration.<\/p>\n<p>Unfortunately, some SUA offices have <a href=\"https:\/\/www.politiet.no\/en\/english\/residence-permits-and-protection\/wating-times-and-priority\/\" target=\"_blank\" rel=\"noopener\">long waiting times<\/a> for appointments for EEA registrations. If you\u2019re an EU\/EEA citizen, you\u2019ll still have lawful residence in Norway beyond three months if you exercise your EEA rights. This applies, for example, if you have a job in Norway. You can book an appointment with the Tax Administration\u202fto apply for a tax deduction card or to report a move to Norway even if you have not received a registration certificate yet.<\/p>[\/et_pb_toggle][et_pb_button button_url=&raquo;https:\/\/www.udi.no\/skal-soke\/opphold-etter-eueos-regelverket\/&raquo; url_new_window=&raquo;on&raquo; button_text=&raquo;Bestill time hos politiet via UDI sine sider&raquo; module_class=&raquo;primary_button&raquo; _builder_version=&raquo;4.27.4&#8243; _module_preset=&raquo;default&raquo; global_colors_info=&raquo;{}&raquo;][\/et_pb_button][\/et_pb_column][\/et_pb_row][et_pb_row custom_padding_last_edited=&raquo;on|phone&raquo; module_class=&raquo;artikkelside-column&raquo; _builder_version=&raquo;4.27.4&#8243; _module_preset=&raquo;default&raquo; width_tablet=&raquo;&raquo; width_phone=&raquo;100%&raquo; width_last_edited=&raquo;on|phone&raquo; max_width=&raquo;550px&raquo; custom_margin=&raquo;30px||||false|false&raquo; custom_padding=&raquo;0px||0px||false|false&raquo; custom_padding_tablet=&raquo;&raquo; custom_padding_phone=&raquo;0px|16px|0px|16px|false|false&raquo; locked=&raquo;off&raquo; global_colors_info=&raquo;{}&raquo;][et_pb_column type=&raquo;4_4&#8243; _builder_version=&raquo;4.16&#8243; _module_preset=&raquo;default&raquo; global_colors_info=&raquo;{}&raquo;][et_pb_text module_class=&raquo;veiviser-innhold&raquo; _builder_version=&raquo;4.27.4&#8243; _module_preset=&raquo;default&raquo; text_line_height=&raquo;1.5em&raquo; header_2_font_size=&raquo;24px&raquo; custom_margin=&raquo;||||false|false&raquo; custom_margin_tablet=&raquo;&raquo; custom_margin_phone=&raquo;12px||12px||false|false&raquo; custom_margin_last_edited=&raquo;on|phone&raquo; custom_padding=&raquo;||0px|||&raquo; hover_enabled=&raquo;0&#8243; header_2_font_size_tablet=&raquo;&raquo; header_2_font_size_phone=&raquo;20px&raquo; header_2_font_size_last_edited=&raquo;on|phone&raquo; global_colors_info=&raquo;{}&raquo; sticky_enabled=&raquo;0&#8243;]<h2>The Tax Administration at SUA<\/h2>[\/et_pb_text][et_pb_toggle title=&raquo;Du m\u00e5 s\u00f8ke om skattekort hvis du skal jobbe&raquo; icon_color=&raquo;gcid-heading-color&raquo; toggle_icon=&raquo;&#x33;||divi||400&#8243; use_icon_font_size=&raquo;on&raquo; icon_font_size=&raquo;28px&raquo; open_icon_color=&raquo;#114462&#8243; open_toggle_icon=&raquo;&#x32;||divi||400&#8243; open_use_icon_font_size=&raquo;on&raquo; open_icon_font_size=&raquo;28px&raquo; module_class=&raquo;custom-icon faktaboks-dropdown artikkelside-text&raquo; _builder_version=&raquo;4.27.4&#8243; _module_preset=&raquo;default&raquo; title_level=&raquo;h3&#8243; title_font=&raquo;|700|||||||&raquo; body_text_color=&raquo;#2b2e34&#8243; background_color=&raquo;#ffffff&raquo; custom_padding=&raquo;||20px||false|false&raquo; hover_enabled=&raquo;0&#8243; global_colors_info=&raquo;{%22gcid-heading-color%22:%91%22icon_color%22%93}&raquo; open_toggle_text_color__hover=&raquo;#0D739C&raquo; open_toggle_text_color__hover_enabled=&raquo;on|hover&raquo; closed_toggle_text_color__hover=&raquo;#0D739C&raquo; closed_toggle_text_color__hover_enabled=&raquo;on|hover&raquo; title_text_color__hover=&raquo;#0D739C&raquo; title_text_color__hover_enabled=&raquo;on|hover&raquo; sticky_enabled=&raquo;0&#8243;]<p><b>You must bring<\/b><\/p>\n<p><b><\/b><\/p>\n<ul>\n<li>a passport or national ID card<\/li>\n<li>the filled out form <a href=\"https:\/\/www.skatteetaten.no\/globalassets\/skjema\/2025\/rf1209e-2025utfyllbar.pdf\" target=\"_blank\" rel=\"noopener noreferrer\">RF-1209 Application for tax deduction card for foreign citizens<\/a><span>. <\/span><span>If your employer has applied for you, you do not need to fill in this form.<\/span><\/li>\n<li>an employment contract or written offer of employment\n<ul>\n<li>if you work for an EU\/EEA company and have been posted to Norway, you must also bring an assignment contract<\/li>\n<\/ul>\n<\/li>\n<\/ul>[\/et_pb_toggle][et_pb_toggle title=&raquo;Du m\u00e5 p\u00e5 ID-kontroll hvis du skal drive n\u00e6ringsvirksomhet&raquo; icon_color=&raquo;#114462&#8243; toggle_icon=&raquo;&#x33;||divi||400&#8243; use_icon_font_size=&raquo;on&raquo; icon_font_size=&raquo;28px&raquo; open_icon_color=&raquo;#114462&#8243; open_toggle_icon=&raquo;&#x32;||divi||400&#8243; open_use_icon_font_size=&raquo;on&raquo; open_icon_font_size=&raquo;28px&raquo; module_class=&raquo;custom-icon faktaboks-dropdown artikkelside-text&raquo; _builder_version=&raquo;4.27.4&#8243; _module_preset=&raquo;default&raquo; title_level=&raquo;h3&#8243; title_font=&raquo;|700|||||||&raquo; body_text_color=&raquo;#2b2e34&#8243; background_color=&raquo;#ffffff&raquo; custom_padding=&raquo;||20px||false|false&raquo; global_colors_info=&raquo;{}&raquo; open_toggle_text_color__hover=&raquo;#0D739C&raquo; open_toggle_text_color__hover_enabled=&raquo;on|hover&raquo; closed_toggle_text_color__hover=&raquo;#0D739C&raquo; closed_toggle_text_color__hover_enabled=&raquo;on|hover&raquo; title_text_color__hover=&raquo;#0D739C&raquo; title_text_color__hover_enabled=&raquo;on|hover&raquo;]<p><strong>You must bring<\/strong><\/p>\n<p><strong><\/strong><\/p>\n<ul>\n<li>a passport or national ID card<\/li>\n<\/ul>[\/et_pb_toggle][et_pb_toggle title=&raquo;Du m\u00e5 melde flytting hvis du skal v\u00e6re i Norge over 6 m\u00e5neder&raquo; icon_color=&raquo;#114462&#8243; toggle_icon=&raquo;&#x33;||divi||400&#8243; use_icon_font_size=&raquo;on&raquo; icon_font_size=&raquo;28px&raquo; open_icon_color=&raquo;#114462&#8243; open_toggle_icon=&raquo;&#x32;||divi||400&#8243; open_use_icon_font_size=&raquo;on&raquo; open_icon_font_size=&raquo;28px&raquo; module_class=&raquo;custom-icon faktaboks-dropdown artikkelside-text&raquo; _builder_version=&raquo;4.27.4&#8243; _module_preset=&raquo;default&raquo; title_level=&raquo;h3&#8243; title_font=&raquo;|700|||||||&raquo; body_text_color=&raquo;#2b2e34&#8243; background_color=&raquo;#ffffff&raquo; custom_padding=&raquo;||20px||false|false&raquo; global_colors_info=&raquo;{}&raquo; open_toggle_text_color__hover=&raquo;#0D739C&raquo; open_toggle_text_color__hover_enabled=&raquo;on|hover&raquo; closed_toggle_text_color__hover=&raquo;#0D739C&raquo; closed_toggle_text_color__hover_enabled=&raquo;on|hover&raquo; title_text_color__hover=&raquo;#0D739C&raquo; title_text_color__hover_enabled=&raquo;on|hover&raquo;]<p><strong>You must bring<\/strong><\/p>\n<p><strong><\/strong><\/p>\n<ul>\n<li>a passport or national ID card<\/li>\n<li>the filled out form <a href=\"https:\/\/www.skatteetaten.no\/globalassets\/skjema\/alltid\/rf1401_2024eng.pdf\" target=\"_blank\" rel=\"noopener noreferrer\">RF-1401 Report a move to Norway from abroad<\/a><\/li>\n<li>documentation showing that you have a right of residence in Norway for at least 6 months, for example a registration certificate from the police. If you do not have a registration certificate yet, or if your registration certificate is older than 30 days, you must bring documentation showing that you have a right of residence in Norway. See what you can use as\u00a0<a href=\"https:\/\/www.udi.no\/en\/word-definitions\/checklists-which-explains-which-documents-you-must-hand-in-with-your-application\/#link-5412\" target=\"_blank\" rel=\"noopener noreferrer\">documentation to show right of residence in UDI\u2019s checklists<\/a>.<\/li>\n<li>documentation showing that you\u2019re going to stay in Norway for at least 6 months, for example\n<ul>\n<li>a house purchase contract or rental agreement<\/li>\n<li>an employment contract<\/li>\n<li>a confirmation of assignment from a staffing agency<\/li>\n<li>a confirmation that you\u2019re a student<\/li>\n<\/ul>\n<p>If your documentation is older than 3 months, you should also bring a confirmation showing that it's still valid.<\/p>\n<\/li>\n<\/ul>[\/et_pb_toggle][et_pb_button button_url=&raquo;https:\/\/www.skatteetaten.no\/kontakt\/kontor\/bestill-tid\/&raquo; url_new_window=&raquo;on&raquo; button_text=&raquo;Bestill time hos Skatteetaten&raquo; module_class=&raquo;primary_button&raquo; _builder_version=&raquo;4.27.4&#8243; _module_preset=&raquo;default&raquo; global_colors_info=&raquo;{}&raquo;][\/et_pb_button][\/et_pb_column][\/et_pb_row][\/et_pb_section]","protected":false},"excerpt":{"rendered":"<p><span><span><a href=\"https:\/\/www.beta.sua.no\/en\/\">Home page<\/a><\/span><\/span>Bestill time hos politiet eller Skatteetaten p\u00e5 SUANordiskEU\/E\u00d8SIkke EU\/E\u00d8SPolitiet p\u00e5 SUAFor \u00e5 f\u00e5 registreringsbevis m\u00e5 du registrere deg og bestille time hos politiet. Etter timen din hos politiet p\u00e5 SUA vil du bli sendt videre til Skatteetaten sin skranke hvis du trenger det. Du trenger ikke \u00e5 bestille egen time hos Skatteetaten. Noen SUA-kontor har [&hellip;]<\/p>","protected":false},"author":15,"featured_media":0,"parent":313,"menu_order":0,"comment_status":"closed","ping_status":"closed","template":"","meta":{"_et_pb_use_builder":"on","_et_pb_old_content":"","_et_gb_content_width":"","footnotes":""},"class_list":["post-991","page","type-page","status-publish","hentry"],"yoast_head":"<!-- This site is optimized with the Yoast SEO plugin v26.0 - https:\/\/yoast.com\/wordpress\/plugins\/seo\/ -->\n<title>Bestill time | EU\/E\u00d8S statsborger | SUA<\/title>\n<meta name=\"description\" content=\"Bestill time hos politiet eller Skatteetaten p\u00e5 SUA. Dette er dokumentasjonen du som EU\/E\u00d8S statsborger m\u00e5 ha med deg til timen.\" \/>\n<meta name=\"robots\" content=\"noindex, follow, max-snippet:-1, max-image-preview:large, max-video-preview:-1\" \/>\n<meta property=\"og:locale\" content=\"en_GB\" \/>\n<meta property=\"og:type\" content=\"article\" \/>\n<meta property=\"og:title\" content=\"Bestill time | EU\/E\u00d8S statsborger | SUA\" \/>\n<meta property=\"og:description\" content=\"Bestill time hos politiet eller Skatteetaten p\u00e5 SUA. Dette er dokumentasjonen du som EU\/E\u00d8S statsborger m\u00e5 ha med deg til timen.\" \/>\n<meta property=\"og:url\" content=\"https:\/\/www.beta.sua.no\/en\/book-appointment\/eu-eea\/\" \/>\n<meta property=\"og:site_name\" content=\"SUA\" \/>\n<meta property=\"article:modified_time\" content=\"2025-05-11T14:20:54+00:00\" \/>\n<meta property=\"og:image\" content=\"https:\/\/www.beta.sua.no\/wp-content\/uploads\/2025\/03\/Bilde-til-banner-forside-scaled.jpg\" \/>\n\t<meta property=\"og:image:width\" content=\"2560\" \/>\n\t<meta property=\"og:image:height\" content=\"1707\" \/>\n\t<meta property=\"og:image:type\" content=\"image\/jpeg\" \/>\n<meta name=\"twitter:card\" content=\"summary_large_image\" \/>\n<meta name=\"twitter:image\" content=\"https:\/\/www.beta.sua.no\/wp-content\/uploads\/2025\/03\/Bilde-til-banner-forside-scaled.jpg\" \/>\n<meta name=\"twitter:label1\" content=\"Estimated reading time\" \/>\n\t<meta name=\"twitter:data1\" content=\"2 minutes\" \/>\n<script type=\"application\/ld+json\" class=\"yoast-schema-graph\">{\"@context\":\"https:\/\/schema.org\",\"@graph\":[{\"@type\":\"WebPage\",\"@id\":\"https:\/\/www.beta.sua.no\/bestill-time\/eu-eos\/\",\"url\":\"https:\/\/www.beta.sua.no\/bestill-time\/eu-eos\/\",\"name\":\"Bestill time | EU\/E\u00d8S statsborger | SUA\",\"isPartOf\":{\"@id\":\"https:\/\/www.beta.sua.no\/en\/#website\"},\"datePublished\":\"2021-02-04T11:41:55+00:00\",\"dateModified\":\"2025-05-11T14:20:54+00:00\",\"description\":\"Bestill time hos politiet eller Skatteetaten p\u00e5 SUA. Dette er dokumentasjonen du som EU\/E\u00d8S statsborger m\u00e5 ha med deg til timen.\",\"breadcrumb\":{\"@id\":\"https:\/\/www.beta.sua.no\/bestill-time\/eu-eos\/#breadcrumb\"},\"inLanguage\":\"en-GB\",\"potentialAction\":[{\"@type\":\"ReadAction\",\"target\":[\"https:\/\/www.beta.sua.no\/bestill-time\/eu-eos\/\"]}]},{\"@type\":\"BreadcrumbList\",\"@id\":\"https:\/\/www.beta.sua.no\/bestill-time\/eu-eos\/#breadcrumb\",\"itemListElement\":[{\"@type\":\"ListItem\",\"position\":1,\"name\":\"Forside\",\"item\":\"https:\/\/www.beta.sua.no\/\"},{\"@type\":\"ListItem\",\"position\":2,\"name\":\"Bestill time\",\"item\":\"https:\/\/www.beta.sua.no\/bestill-time\/\"},{\"@type\":\"ListItem\",\"position\":3,\"name\":\"EU\/E\u00d8S\"}]},{\"@type\":\"WebSite\",\"@id\":\"https:\/\/www.beta.sua.no\/en\/#website\",\"url\":\"https:\/\/www.beta.sua.no\/en\/\",\"name\":\"SUA\",\"description\":\"Servicesenter for utenlandske arbeidstakere\",\"publisher\":{\"@id\":\"https:\/\/www.beta.sua.no\/en\/#organization\"},\"potentialAction\":[{\"@type\":\"SearchAction\",\"target\":{\"@type\":\"EntryPoint\",\"urlTemplate\":\"https:\/\/www.beta.sua.no\/en\/?s={search_term_string}\"},\"query-input\":{\"@type\":\"PropertyValueSpecification\",\"valueRequired\":true,\"valueName\":\"search_term_string\"}}],\"inLanguage\":\"en-GB\"},{\"@type\":\"Organization\",\"@id\":\"https:\/\/www.beta.sua.no\/en\/#organization\",\"name\":\"Servicesenter for utenlandske arbeidstakere\",\"url\":\"https:\/\/www.beta.sua.no\/en\/\",\"logo\":{\"@type\":\"ImageObject\",\"inLanguage\":\"en-GB\",\"@id\":\"https:\/\/www.beta.sua.no\/en\/#\/schema\/logo\/image\/\",\"url\":\"https:\/\/www.beta.sua.no\/wp-content\/uploads\/2021\/04\/SUA-logo-NO-uten-luft-1.png\",\"contentUrl\":\"https:\/\/www.beta.sua.no\/wp-content\/uploads\/2021\/04\/SUA-logo-NO-uten-luft-1.png\",\"width\":541,\"height\":119,\"caption\":\"Servicesenter for utenlandske arbeidstakere\"},\"image\":{\"@id\":\"https:\/\/www.beta.sua.no\/en\/#\/schema\/logo\/image\/\"}}]}<\/script>\n<!-- \/ Yoast SEO plugin. -->","yoast_head_json":{"title":"Book an appointment | EU\/EEA citizen | SUA","description":"Book an appointment with the police or the Tax Administration. As an EU\/EEA citizen, you must bring these documents to your appointment.","robots":{"index":"noindex","follow":"follow","max-snippet":"max-snippet:-1","max-image-preview":"max-image-preview:large","max-video-preview":"max-video-preview:-1"},"og_locale":"en_GB","og_type":"article","og_title":"Bestill time | EU\/E\u00d8S statsborger | SUA","og_description":"Bestill time hos politiet eller Skatteetaten p\u00e5 SUA. Dette er dokumentasjonen du som EU\/E\u00d8S statsborger m\u00e5 ha med deg til timen.","og_url":"https:\/\/www.beta.sua.no\/en\/book-appointment\/eu-eea\/","og_site_name":"SUA","article_modified_time":"2025-05-11T14:20:54+00:00","og_image":[{"width":2560,"height":1707,"url":"https:\/\/www.beta.sua.no\/wp-content\/uploads\/2025\/03\/Bilde-til-banner-forside-scaled.jpg","type":"image\/jpeg"}],"twitter_card":"summary_large_image","twitter_image":"https:\/\/www.beta.sua.no\/wp-content\/uploads\/2025\/03\/Bilde-til-banner-forside-scaled.jpg","twitter_misc":{"Estimated reading time":"2 minutes"},"schema":{"@context":"https:\/\/schema.org","@graph":[{"@type":"WebPage","@id":"https:\/\/www.beta.sua.no\/bestill-time\/eu-eos\/","url":"https:\/\/www.beta.sua.no\/bestill-time\/eu-eos\/","name":"Book an appointment | EU\/EEA citizen | SUA","isPartOf":{"@id":"https:\/\/www.beta.sua.no\/en\/#website"},"datePublished":"2021-02-04T11:41:55+00:00","dateModified":"2025-05-11T14:20:54+00:00","description":"Book an appointment with the police or the Tax Administration. As an EU\/EEA citizen, you must bring these documents to your appointment.","breadcrumb":{"@id":"https:\/\/www.beta.sua.no\/bestill-time\/eu-eos\/#breadcrumb"},"inLanguage":"en-GB","potentialAction":[{"@type":"ReadAction","target":["https:\/\/www.beta.sua.no\/bestill-time\/eu-eos\/"]}]},{"@type":"BreadcrumbList","@id":"https:\/\/www.beta.sua.no\/bestill-time\/eu-eos\/#breadcrumb","itemListElement":[{"@type":"ListItem","position":1,"name":"Forside","item":"https:\/\/www.beta.sua.no\/"},{"@type":"ListItem","position":2,"name":"Bestill time","item":"https:\/\/www.beta.sua.no\/bestill-time\/"},{"@type":"ListItem","position":3,"name":"EU\/E\u00d8S"}]},{"@type":"WebSite","@id":"https:\/\/www.beta.sua.no\/en\/#website","url":"https:\/\/www.beta.sua.no\/en\/","name":"SUA","description":"Servicesenter for utenlandske arbeidstakere","publisher":{"@id":"https:\/\/www.beta.sua.no\/en\/#organization"},"potentialAction":[{"@type":"SearchAction","target":{"@type":"EntryPoint","urlTemplate":"https:\/\/www.beta.sua.no\/en\/?s={search_term_string}"},"query-input":{"@type":"PropertyValueSpecification","valueRequired":true,"valueName":"search_term_string"}}],"inLanguage":"en-GB"},{"@type":"Organization","@id":"https:\/\/www.beta.sua.no\/en\/#organization","name":"Servicesenter for utenlandske arbeidstakere","url":"https:\/\/www.beta.sua.no\/en\/","logo":{"@type":"ImageObject","inLanguage":"en-GB","@id":"https:\/\/www.beta.sua.no\/en\/#\/schema\/logo\/image\/","url":"https:\/\/www.beta.sua.no\/wp-content\/uploads\/2021\/04\/SUA-logo-NO-uten-luft-1.png","contentUrl":"https:\/\/www.beta.sua.no\/wp-content\/uploads\/2021\/04\/SUA-logo-NO-uten-luft-1.png","width":541,"height":119,"caption":"Servicesenter for utenlandske arbeidstakere"},"image":{"@id":"https:\/\/www.beta.sua.no\/en\/#\/schema\/logo\/image\/"}}]}},"_links":{"self":[{"href":"https:\/\/www.beta.sua.no\/en\/wp-json\/wp\/v2\/pages\/991","targetHints":{"allow":["GET"]}}],"collection":[{"href":"https:\/\/www.beta.sua.no\/en\/wp-json\/wp\/v2\/pages"}],"about":[{"href":"https:\/\/www.beta.sua.no\/en\/wp-json\/wp\/v2\/types\/page"}],"author":[{"embeddable":true,"href":"https:\/\/www.beta.sua.no\/en\/wp-json\/wp\/v2\/users\/15"}],"replies":[{"embeddable":true,"href":"https:\/\/www.beta.sua.no\/en\/wp-json\/wp\/v2\/comments?post=991"}],"version-history":[{"count":134,"href":"https:\/\/www.beta.sua.no\/en\/wp-json\/wp\/v2\/pages\/991\/revisions"}],"predecessor-version":[{"id":7880,"href":"https:\/\/www.beta.sua.no\/en\/wp-json\/wp\/v2\/pages\/991\/revisions\/7880"}],"up":[{"embeddable":true,"href":"https:\/\/www.beta.sua.no\/en\/wp-json\/wp\/v2\/pages\/313"}],"wp:attachment":[{"href":"https:\/\/www.beta.sua.no\/en\/wp-json\/wp\/v2\/media?parent=991"}],"curies":[{"name":"wp","href":"https:\/\/api.w.org\/{rel}","templated":true}]}}